{"id":116422,"date":"2024-07-18T08:13:03","date_gmt":"2024-07-18T06:13:03","guid":{"rendered":"https:\/\/autostil.ba\/maloprodaja\/?post_type=product&#038;p=116422"},"modified":"2026-04-08T11:44:04","modified_gmt":"2026-04-08T09:44:04","slug":"aditiv-za-smanjenje-potrosnje-ulja-444ml-amtra","status":"publish","type":"product","link":"https:\/\/autostil.ba\/maloprodaja\/proizvod\/3336\/aditiv-za-smanjenje-potrosnje-ulja-444ml-amtra\/","title":{"rendered":"ADITIV ZA SMANJENJE POTRO\u0160NJE ULJA 444ml AMTRA"},"content":{"rendered":"","protected":false},"excerpt":{"rendered":"<p>ADITIV ZA SMANJENJE POTRO\u0160NJE ULJA 444ml AMTRA<br \/>\nEngine Doctor je sredstvo najvi\u0161eg kvaliteta koje se mo\u017ee koristiti u svim vrstama motora:<\/p>\n<p>novi ili stari<br \/>\ndizel,<br \/>\nbenzin,<br \/>\npokre\u0107e TNG ili CNG,<br \/>\nmogu se koristiti u motorima sa turbopunja\u010dima.<br \/>\nMo\u017ee se mije\u0161ati sa svim vrstama mineralnih, polusinteti\u010dkih i sinteti\u010dkih ulja. Mo\u017ee se koristiti i za diferencijale i mjenja\u010de \u010dak i sa prijenosnim uljima razreda GL-5. Ne sadr\u017ei teflon \u0161tetan za okoli\u0161 i ljude.<\/p>\n<p>Engine Doctor posebno se preporu\u010duje za motore koji rade u velikim optere\u0107enjima ili u ekstremnim uslovima, gradski saobra\u0107aj ili kombiji s velikim teretom. Na efikasan na\u010din pove\u0107ava efikasnost motora. Smanjuje potro\u0161nju ulja znatno smanjuju\u0107i pu\u0161enje.  Vra\u0107a snagu i ubrzanje.<br \/>\nKori\u0161\u0107enjem u novom motoru ima za\u0161titnu funkciju. Zbog svojih maziva zna\u010dajno smanjuje trenje i produ\u017euje \u017eivotni vijek motora.<\/p>\n","protected":false},"featured_media":116423,"comment_status":"open","ping_status":"closed","template":"","meta":{"_acf_changed":false,"inline_featured_image":false},"product_brand":[],"product_cat":[69],"product_tag":[],"class_list":{"0":"post-116422","1":"product","2":"type-product","3":"status-publish","4":"has-post-thumbnail","6":"product_cat-aditivi","8":"first","9":"instock","10":"taxable","11":"shipping-taxable","12":"purchasable","13":"product-type-simple"},"acf":[],"custom_product_id":"3336","_links":{"self":[{"href":"https:\/\/autostil.ba\/maloprodaja\/wp-json\/wp\/v2\/product\/116422","targetHints":{"allow":["GET"]}}],"collection":[{"href":"https:\/\/autostil.ba\/maloprodaja\/wp-json\/wp\/v2\/product"}],"about":[{"href":"https:\/\/autostil.ba\/maloprodaja\/wp-json\/wp\/v2\/types\/product"}],"replies":[{"embeddable":true,"href":"https:\/\/autostil.ba\/maloprodaja\/wp-json\/wp\/v2\/comments?post=116422"}],"version-history":[{"count":1,"href":"https:\/\/autostil.ba\/maloprodaja\/wp-json\/wp\/v2\/product\/116422\/revisions"}],"predecessor-version":[{"id":116424,"href":"https:\/\/autostil.ba\/maloprodaja\/wp-json\/wp\/v2\/product\/116422\/revisions\/116424"}],"wp:featuredmedia":[{"embeddable":true,"href":"https:\/\/autostil.ba\/maloprodaja\/wp-json\/wp\/v2\/media\/116423"}],"wp:attachment":[{"href":"https:\/\/autostil.ba\/maloprodaja\/wp-json\/wp\/v2\/media?parent=116422"}],"wp:term":[{"taxonomy":"product_brand","embeddable":true,"href":"https:\/\/autostil.ba\/maloprodaja\/wp-json\/wp\/v2\/product_brand?post=116422"},{"taxonomy":"product_cat","embeddable":true,"href":"https:\/\/autostil.ba\/maloprodaja\/wp-json\/wp\/v2\/product_cat?post=116422"},{"taxonomy":"product_tag","embeddable":true,"href":"https:\/\/autostil.ba\/maloprodaja\/wp-json\/wp\/v2\/product_tag?post=116422"}],"curies":[{"name":"wp","href":"https:\/\/api.w.org\/{rel}","templated":true}]}}