{"id":116292,"date":"2024-12-03T09:32:58","date_gmt":"2024-12-03T07:32:58","guid":{"rendered":"https:\/\/autostil.ba\/maloprodaja\/?post_type=product&#038;p=116292"},"modified":"2026-04-08T11:43:59","modified_gmt":"2026-04-08T09:43:59","slug":"sprej-za-ciscenje-asfalta-i-smole-200ml-amtra","status":"publish","type":"product","link":"https:\/\/autostil.ba\/maloprodaja\/proizvod\/3329\/sprej-za-ciscenje-asfalta-i-smole-200ml-amtra\/","title":{"rendered":"SPREJ ZA \u010cI\u0160\u0106ENJE ASFALTA I SMOLE 200ml AMTRA"},"content":{"rendered":"","protected":false},"excerpt":{"rendered":"<p>SPREJ ZA \u010cI\u0160\u0106ENJE ASFALTA I SMOLE 200ml AMTRA Sprej za uklanjanje mrlja od asfalta, katrana i smola.<br \/>\nZahvaljuju\u0107i posebno dizajniranoj formuli koja kombinuje u\u010dinkovitost i brzinu djelovanja i sigurnost u kontaktu s automobilskim lakom.<br \/>\nNe ostavlja masne mrlje i daje sjaj o\u010di\u0161\u0107enim povr\u0161inama.<br \/>\nSavr\u0161eno za \u010di\u0161\u0107enje prozora automobila, prednjih svjetala, odbojnika, spojlera i karoserije.<\/p>\n","protected":false},"featured_media":793046292,"comment_status":"open","ping_status":"closed","template":"","meta":{"_acf_changed":false,"inline_featured_image":false},"product_brand":[],"product_cat":[73],"product_tag":[],"class_list":{"0":"post-116292","1":"product","2":"type-product","3":"status-publish","4":"has-post-thumbnail","6":"product_cat-sredstva-za-pranje-i-odrzavanje","8":"first","9":"instock","10":"taxable","11":"shipping-taxable","12":"purchasable","13":"product-type-simple"},"acf":[],"custom_product_id":"3329","_links":{"self":[{"href":"https:\/\/autostil.ba\/maloprodaja\/wp-json\/wp\/v2\/product\/116292","targetHints":{"allow":["GET"]}}],"collection":[{"href":"https:\/\/autostil.ba\/maloprodaja\/wp-json\/wp\/v2\/product"}],"about":[{"href":"https:\/\/autostil.ba\/maloprodaja\/wp-json\/wp\/v2\/types\/product"}],"replies":[{"embeddable":true,"href":"https:\/\/autostil.ba\/maloprodaja\/wp-json\/wp\/v2\/comments?post=116292"}],"version-history":[{"count":1,"href":"https:\/\/autostil.ba\/maloprodaja\/wp-json\/wp\/v2\/product\/116292\/revisions"}],"predecessor-version":[{"id":116294,"href":"https:\/\/autostil.ba\/maloprodaja\/wp-json\/wp\/v2\/product\/116292\/revisions\/116294"}],"wp:featuredmedia":[{"embeddable":true,"href":"https:\/\/autostil.ba\/maloprodaja\/wp-json\/wp\/v2\/media\/793046292"}],"wp:attachment":[{"href":"https:\/\/autostil.ba\/maloprodaja\/wp-json\/wp\/v2\/media?parent=116292"}],"wp:term":[{"taxonomy":"product_brand","embeddable":true,"href":"https:\/\/autostil.ba\/maloprodaja\/wp-json\/wp\/v2\/product_brand?post=116292"},{"taxonomy":"product_cat","embeddable":true,"href":"https:\/\/autostil.ba\/maloprodaja\/wp-json\/wp\/v2\/product_cat?post=116292"},{"taxonomy":"product_tag","embeddable":true,"href":"https:\/\/autostil.ba\/maloprodaja\/wp-json\/wp\/v2\/product_tag?post=116292"}],"curies":[{"name":"wp","href":"https:\/\/api.w.org\/{rel}","templated":true}]}}