{"id":116282,"date":"2025-10-11T10:42:57","date_gmt":"2025-10-11T08:42:57","guid":{"rendered":"https:\/\/autostil.ba\/maloprodaja\/?post_type=product&#038;p=116282"},"modified":"2026-04-08T11:43:59","modified_gmt":"2026-04-08T09:43:59","slug":"pjena-aktivna-za-ciscenje-1l-amtra","status":"publish","type":"product","link":"https:\/\/autostil.ba\/maloprodaja\/proizvod\/3327\/pjena-aktivna-za-ciscenje-1l-amtra\/","title":{"rendered":"PJENA AKTIVNA ZA \u010cI\u0160\u0106ENJE 1L. AMTRA"},"content":{"rendered":"","protected":false},"excerpt":{"rendered":"<p>PJENA AKTIVNA ZA \u010cI\u0160\u0106ENJE 1L. AMTRA Aktivna pjena za \u010di\u0161\u0107enje.Priprema visoke pjene namijenjena \u010destom pranju karoserija motornih vozila. Jedinstvena formula \u010dini proizvod izuzetno efikasnim. Lako uklanja mrlje, pra\u0161inu i prljav\u0161tinu.<br \/>\nIzbjegavajte upotrebu preparata na vru\u0107im povr\u0161inama. Prijatnog mirisa.<br \/>\nProizvod je namijenjen upotrebi u sistemima prskanja, pritiska, pjene ili za tradicionalno pranje ruku.<br \/>\nIsprskajte vozilo adekvatnom otopinom proizvoda od dna do vrha, ostavite otprilike 1 minutu, ne ostavljajte da se osu\u0161i.<br \/>\nIsperite mlazom vode pod pritiskom.<br \/>\nJa\u010dina razbla\u017eivanja odgovara stepenu intenziteta rastvora.<\/p>\n","protected":false},"featured_media":116283,"comment_status":"open","ping_status":"closed","template":"","meta":{"_acf_changed":false,"inline_featured_image":false},"product_brand":[],"product_cat":[73],"product_tag":[],"class_list":{"0":"post-116282","1":"product","2":"type-product","3":"status-publish","4":"has-post-thumbnail","6":"product_cat-sredstva-za-pranje-i-odrzavanje","8":"first","9":"instock","10":"taxable","11":"shipping-taxable","12":"purchasable","13":"product-type-simple"},"acf":[],"custom_product_id":"3327","_links":{"self":[{"href":"https:\/\/autostil.ba\/maloprodaja\/wp-json\/wp\/v2\/product\/116282","targetHints":{"allow":["GET"]}}],"collection":[{"href":"https:\/\/autostil.ba\/maloprodaja\/wp-json\/wp\/v2\/product"}],"about":[{"href":"https:\/\/autostil.ba\/maloprodaja\/wp-json\/wp\/v2\/types\/product"}],"replies":[{"embeddable":true,"href":"https:\/\/autostil.ba\/maloprodaja\/wp-json\/wp\/v2\/comments?post=116282"}],"version-history":[{"count":1,"href":"https:\/\/autostil.ba\/maloprodaja\/wp-json\/wp\/v2\/product\/116282\/revisions"}],"predecessor-version":[{"id":116284,"href":"https:\/\/autostil.ba\/maloprodaja\/wp-json\/wp\/v2\/product\/116282\/revisions\/116284"}],"wp:featuredmedia":[{"embeddable":true,"href":"https:\/\/autostil.ba\/maloprodaja\/wp-json\/wp\/v2\/media\/116283"}],"wp:attachment":[{"href":"https:\/\/autostil.ba\/maloprodaja\/wp-json\/wp\/v2\/media?parent=116282"}],"wp:term":[{"taxonomy":"product_brand","embeddable":true,"href":"https:\/\/autostil.ba\/maloprodaja\/wp-json\/wp\/v2\/product_brand?post=116282"},{"taxonomy":"product_cat","embeddable":true,"href":"https:\/\/autostil.ba\/maloprodaja\/wp-json\/wp\/v2\/product_cat?post=116282"},{"taxonomy":"product_tag","embeddable":true,"href":"https:\/\/autostil.ba\/maloprodaja\/wp-json\/wp\/v2\/product_tag?post=116282"}],"curies":[{"name":"wp","href":"https:\/\/api.w.org\/{rel}","templated":true}]}}