{"id":116272,"date":"2025-04-29T14:27:57","date_gmt":"2025-04-29T12:27:57","guid":{"rendered":"https:\/\/autostil.ba\/maloprodaja\/?post_type=product&#038;p=116272"},"modified":"2026-04-08T11:43:59","modified_gmt":"2026-04-08T09:43:59","slug":"odmascivac-1l-amtra","status":"publish","type":"product","link":"https:\/\/autostil.ba\/maloprodaja\/proizvod\/11183\/odmascivac-1l-amtra\/","title":{"rendered":"ODMA\u0160\u0106IVA\u010c 1L AMTRA"},"content":{"rendered":"","protected":false},"excerpt":{"rendered":"<p>ODMA\u0160\u0106IVA\u010c 1L 20-A01 MA PROFESSIONAL Savr\u0161eno otapa stare masne naslage, prljav\u0161tinu od ulja i masti, vi\u0161eslojne slojeve prljav\u0161tine.Posebno se preporu\u010duje za pranje delova ma\u0161ina, motora i \u010di\u0161\u0107enje radne ode\u0107e.Spremno za upotrebu.Bezbedno za sve povr\u0161ine &#8211; metal, aluminijum, plastika, lak, staklo, radne tkanine.PVC, keramika, laminati Na\u010din upotrebe: Protresti posudu pre upotrebe Sprejati preparat Isprati vodom ili obrisati krpom U slu\u010daju jako zaprljanih povr\u0161ina ponoviti operaciju.<\/p>\n","protected":false},"featured_media":116273,"comment_status":"open","ping_status":"closed","template":"","meta":{"_acf_changed":false,"inline_featured_image":false},"product_brand":[],"product_cat":[70],"product_tag":[],"class_list":{"0":"post-116272","1":"product","2":"type-product","3":"status-publish","4":"has-post-thumbnail","6":"product_cat-hemijska-sredstva-za-auto-servise","8":"first","9":"instock","10":"taxable","11":"shipping-taxable","12":"purchasable","13":"product-type-simple"},"acf":[],"custom_product_id":"11183","_links":{"self":[{"href":"https:\/\/autostil.ba\/maloprodaja\/wp-json\/wp\/v2\/product\/116272","targetHints":{"allow":["GET"]}}],"collection":[{"href":"https:\/\/autostil.ba\/maloprodaja\/wp-json\/wp\/v2\/product"}],"about":[{"href":"https:\/\/autostil.ba\/maloprodaja\/wp-json\/wp\/v2\/types\/product"}],"replies":[{"embeddable":true,"href":"https:\/\/autostil.ba\/maloprodaja\/wp-json\/wp\/v2\/comments?post=116272"}],"version-history":[{"count":1,"href":"https:\/\/autostil.ba\/maloprodaja\/wp-json\/wp\/v2\/product\/116272\/revisions"}],"predecessor-version":[{"id":116274,"href":"https:\/\/autostil.ba\/maloprodaja\/wp-json\/wp\/v2\/product\/116272\/revisions\/116274"}],"wp:featuredmedia":[{"embeddable":true,"href":"https:\/\/autostil.ba\/maloprodaja\/wp-json\/wp\/v2\/media\/116273"}],"wp:attachment":[{"href":"https:\/\/autostil.ba\/maloprodaja\/wp-json\/wp\/v2\/media?parent=116272"}],"wp:term":[{"taxonomy":"product_brand","embeddable":true,"href":"https:\/\/autostil.ba\/maloprodaja\/wp-json\/wp\/v2\/product_brand?post=116272"},{"taxonomy":"product_cat","embeddable":true,"href":"https:\/\/autostil.ba\/maloprodaja\/wp-json\/wp\/v2\/product_cat?post=116272"},{"taxonomy":"product_tag","embeddable":true,"href":"https:\/\/autostil.ba\/maloprodaja\/wp-json\/wp\/v2\/product_tag?post=116272"}],"curies":[{"name":"wp","href":"https:\/\/api.w.org\/{rel}","templated":true}]}}