{"id":116242,"date":"2025-04-29T14:32:56","date_gmt":"2025-04-29T12:32:56","guid":{"rendered":"https:\/\/autostil.ba\/maloprodaja\/?post_type=product&#038;p=116242"},"modified":"2026-04-08T11:43:59","modified_gmt":"2026-04-08T09:43:59","slug":"sprej-za-ciscenje-karburatora-400ml-amtra","status":"publish","type":"product","link":"https:\/\/autostil.ba\/maloprodaja\/proizvod\/3352\/sprej-za-ciscenje-karburatora-400ml-amtra\/","title":{"rendered":"SPREJ ZA \u010cI\u0160\u0106ENJE KARBURATORA 400ml AMTRA"},"content":{"rendered":"","protected":false},"excerpt":{"rendered":"<p>SPREJ ZA \u010cI\u0160\u0106ENJE KARBURATORA 400ml AMTRA Moderna, efikasna formula dizajnirana za \u010di\u0161\u0107enje i odma\u0161\u0107ivanje karburatora automobila. Rastvara naslage ugljika i nakupine na karburatorima i unutar njih, omogu\u0107uju\u0107i njihovo jednostavno uklanjanje i osiguravaju\u0107i pravilan protok ili smjesu goriva i zraka.<br \/>\nPrilikom upotrebe,zaustavite motor,lakirane povr\u0161ine za\u0161titite od prskanja.<br \/>\nPrije primjene posudu sna\u017eno protresite nekoliko puta da biste temeljno promije\u0161ali proizvod. Nanesite na \u010distu povr\u0161inu elementa s udaljenosti oko 20 cm.<br \/>\nPri\u010dekajte otprilike dvije minute dok se cvjetovi i naslage ugljika ne otope u potpunosti i uklonite ih \u010distom krpom ili \u010detkom.<br \/>\nPonovite ako je potrebno.<\/p>\n","protected":false},"featured_media":116243,"comment_status":"open","ping_status":"closed","template":"","meta":{"_acf_changed":false,"inline_featured_image":false},"product_brand":[],"product_cat":[70],"product_tag":[],"class_list":{"0":"post-116242","1":"product","2":"type-product","3":"status-publish","4":"has-post-thumbnail","6":"product_cat-hemijska-sredstva-za-auto-servise","8":"first","9":"instock","10":"taxable","11":"shipping-taxable","12":"purchasable","13":"product-type-simple"},"acf":[],"custom_product_id":"3352","_links":{"self":[{"href":"https:\/\/autostil.ba\/maloprodaja\/wp-json\/wp\/v2\/product\/116242","targetHints":{"allow":["GET"]}}],"collection":[{"href":"https:\/\/autostil.ba\/maloprodaja\/wp-json\/wp\/v2\/product"}],"about":[{"href":"https:\/\/autostil.ba\/maloprodaja\/wp-json\/wp\/v2\/types\/product"}],"replies":[{"embeddable":true,"href":"https:\/\/autostil.ba\/maloprodaja\/wp-json\/wp\/v2\/comments?post=116242"}],"version-history":[{"count":1,"href":"https:\/\/autostil.ba\/maloprodaja\/wp-json\/wp\/v2\/product\/116242\/revisions"}],"predecessor-version":[{"id":116244,"href":"https:\/\/autostil.ba\/maloprodaja\/wp-json\/wp\/v2\/product\/116242\/revisions\/116244"}],"wp:featuredmedia":[{"embeddable":true,"href":"https:\/\/autostil.ba\/maloprodaja\/wp-json\/wp\/v2\/media\/116243"}],"wp:attachment":[{"href":"https:\/\/autostil.ba\/maloprodaja\/wp-json\/wp\/v2\/media?parent=116242"}],"wp:term":[{"taxonomy":"product_brand","embeddable":true,"href":"https:\/\/autostil.ba\/maloprodaja\/wp-json\/wp\/v2\/product_brand?post=116242"},{"taxonomy":"product_cat","embeddable":true,"href":"https:\/\/autostil.ba\/maloprodaja\/wp-json\/wp\/v2\/product_cat?post=116242"},{"taxonomy":"product_tag","embeddable":true,"href":"https:\/\/autostil.ba\/maloprodaja\/wp-json\/wp\/v2\/product_tag?post=116242"}],"curies":[{"name":"wp","href":"https:\/\/api.w.org\/{rel}","templated":true}]}}