{"id":116232,"date":"2025-04-29T15:09:55","date_gmt":"2025-04-29T13:09:55","guid":{"rendered":"https:\/\/autostil.ba\/maloprodaja\/?post_type=product&#038;p=116232"},"modified":"2026-04-08T11:43:59","modified_gmt":"2026-04-08T09:43:59","slug":"odvijac-sprej-mos2-400ml-amtra","status":"publish","type":"product","link":"https:\/\/autostil.ba\/maloprodaja\/proizvod\/3354\/odvijac-sprej-mos2-400ml-amtra\/","title":{"rendered":"ODVIJA\u010c SPREJ MOS2 400ml AMTRA"},"content":{"rendered":"","protected":false},"excerpt":{"rendered":"<p>ODVIJA\u010c SPREJ MOS2 400ml AMTRA Odvija\u010d sprej slu\u017ei kao priprema za uklanjanje oksida koji nastaju na metalnim povr\u0161inama. Olak\u0161ava uklanjanje zahr\u0111alih vijaka, matica i svje\u0107ica. Visokokvalitetno ulje i dodatak MoS2 \u010dine metalne povr\u0161ine podmazane i dugotrajno osigurane. \u0160titi metal od \u0161tetnih vremenskih uslova i korozije.<br \/>\nPrije primjene posudu sna\u017eno protresite nekoliko puta kako biste temeljno promije\u0161ali proizvod.<br \/>\nTemeljno prskajte povr\u0161inu ili dio.<br \/>\nSa\u010dekajte 5 do 15 minuta.<br \/>\nDemontirajte.<\/p>\n","protected":false},"featured_media":116233,"comment_status":"open","ping_status":"closed","template":"","meta":{"_acf_changed":false,"inline_featured_image":false},"product_brand":[],"product_cat":[70],"product_tag":[],"class_list":{"0":"post-116232","1":"product","2":"type-product","3":"status-publish","4":"has-post-thumbnail","6":"product_cat-hemijska-sredstva-za-auto-servise","8":"first","9":"instock","10":"taxable","11":"shipping-taxable","12":"purchasable","13":"product-type-simple"},"acf":[],"custom_product_id":"3354","_links":{"self":[{"href":"https:\/\/autostil.ba\/maloprodaja\/wp-json\/wp\/v2\/product\/116232","targetHints":{"allow":["GET"]}}],"collection":[{"href":"https:\/\/autostil.ba\/maloprodaja\/wp-json\/wp\/v2\/product"}],"about":[{"href":"https:\/\/autostil.ba\/maloprodaja\/wp-json\/wp\/v2\/types\/product"}],"replies":[{"embeddable":true,"href":"https:\/\/autostil.ba\/maloprodaja\/wp-json\/wp\/v2\/comments?post=116232"}],"version-history":[{"count":1,"href":"https:\/\/autostil.ba\/maloprodaja\/wp-json\/wp\/v2\/product\/116232\/revisions"}],"predecessor-version":[{"id":116234,"href":"https:\/\/autostil.ba\/maloprodaja\/wp-json\/wp\/v2\/product\/116232\/revisions\/116234"}],"wp:featuredmedia":[{"embeddable":true,"href":"https:\/\/autostil.ba\/maloprodaja\/wp-json\/wp\/v2\/media\/116233"}],"wp:attachment":[{"href":"https:\/\/autostil.ba\/maloprodaja\/wp-json\/wp\/v2\/media?parent=116232"}],"wp:term":[{"taxonomy":"product_brand","embeddable":true,"href":"https:\/\/autostil.ba\/maloprodaja\/wp-json\/wp\/v2\/product_brand?post=116232"},{"taxonomy":"product_cat","embeddable":true,"href":"https:\/\/autostil.ba\/maloprodaja\/wp-json\/wp\/v2\/product_cat?post=116232"},{"taxonomy":"product_tag","embeddable":true,"href":"https:\/\/autostil.ba\/maloprodaja\/wp-json\/wp\/v2\/product_tag?post=116232"}],"curies":[{"name":"wp","href":"https:\/\/api.w.org\/{rel}","templated":true}]}}