{"id":116222,"date":"2024-07-18T08:12:55","date_gmt":"2024-07-18T06:12:55","guid":{"rendered":"https:\/\/autostil.ba\/maloprodaja\/?post_type=product&#038;p=116222"},"modified":"2026-04-08T11:43:59","modified_gmt":"2026-04-08T09:43:59","slug":"silikonska-mast-400ml","status":"publish","type":"product","link":"https:\/\/autostil.ba\/maloprodaja\/proizvod\/11185\/silikonska-mast-400ml\/","title":{"rendered":"SILIKONSKA MAST 400ml"},"content":{"rendered":"","protected":false},"excerpt":{"rendered":"<p>Gusta silikonska mast.Ne sadr\u017ei rastvara\u010de &#8211; potpuno bezbedna za gumene i plasti\u010dne elemente.Koristi se za podmazivanje vodilica,brava vrata,lanaca,\u0161arki,i gumenih creva i zaptivki itd.Savr\u0161ena je za za\u0161titu gumenih delova od isu\u0161ivanja , smrzavaju se i lijepe zajedno. \u010cini ih fleksibilnima. Otporan je na visoke i niske temperature i vodu. Spre\u010dava smrzavanje zaptivki na vratima automobila zimi. Savr\u0161en u\u010dinak za samo nekoliko sekundi. Prije upotrebe dobro protresite posudu nekoliko puta da se sadr\u017eaj dobro prome\u0161a.Preparat naneti na povr\u0161inu elementa sa udaljenosti od oko 20 cm.Vi\u0161ak ukloniti \u010distom, suvom krpom.<\/p>\n","protected":false},"featured_media":116223,"comment_status":"open","ping_status":"closed","template":"","meta":{"_acf_changed":false,"inline_featured_image":false},"product_brand":[],"product_cat":[70],"product_tag":[],"class_list":{"0":"post-116222","1":"product","2":"type-product","3":"status-publish","4":"has-post-thumbnail","6":"product_cat-hemijska-sredstva-za-auto-servise","8":"first","9":"instock","10":"taxable","11":"shipping-taxable","12":"purchasable","13":"product-type-simple"},"acf":[],"custom_product_id":"11185","_links":{"self":[{"href":"https:\/\/autostil.ba\/maloprodaja\/wp-json\/wp\/v2\/product\/116222","targetHints":{"allow":["GET"]}}],"collection":[{"href":"https:\/\/autostil.ba\/maloprodaja\/wp-json\/wp\/v2\/product"}],"about":[{"href":"https:\/\/autostil.ba\/maloprodaja\/wp-json\/wp\/v2\/types\/product"}],"replies":[{"embeddable":true,"href":"https:\/\/autostil.ba\/maloprodaja\/wp-json\/wp\/v2\/comments?post=116222"}],"version-history":[{"count":1,"href":"https:\/\/autostil.ba\/maloprodaja\/wp-json\/wp\/v2\/product\/116222\/revisions"}],"predecessor-version":[{"id":116224,"href":"https:\/\/autostil.ba\/maloprodaja\/wp-json\/wp\/v2\/product\/116222\/revisions\/116224"}],"wp:featuredmedia":[{"embeddable":true,"href":"https:\/\/autostil.ba\/maloprodaja\/wp-json\/wp\/v2\/media\/116223"}],"wp:attachment":[{"href":"https:\/\/autostil.ba\/maloprodaja\/wp-json\/wp\/v2\/media?parent=116222"}],"wp:term":[{"taxonomy":"product_brand","embeddable":true,"href":"https:\/\/autostil.ba\/maloprodaja\/wp-json\/wp\/v2\/product_brand?post=116222"},{"taxonomy":"product_cat","embeddable":true,"href":"https:\/\/autostil.ba\/maloprodaja\/wp-json\/wp\/v2\/product_cat?post=116222"},{"taxonomy":"product_tag","embeddable":true,"href":"https:\/\/autostil.ba\/maloprodaja\/wp-json\/wp\/v2\/product_tag?post=116222"}],"curies":[{"name":"wp","href":"https:\/\/api.w.org\/{rel}","templated":true}]}}