{"id":116212,"date":"2025-02-26T15:20:54","date_gmt":"2025-02-26T13:20:54","guid":{"rendered":"https:\/\/autostil.ba\/maloprodaja\/?post_type=product&#038;p=116212"},"modified":"2026-04-08T11:43:53","modified_gmt":"2026-04-08T09:43:53","slug":"bakrena-mast-400ml","status":"publish","type":"product","link":"https:\/\/autostil.ba\/maloprodaja\/proizvod\/11186\/bakrena-mast-400ml\/","title":{"rendered":"BAKRENA MAST 400ml"},"content":{"rendered":"","protected":false},"excerpt":{"rendered":"<p>Otporan na vodu.<br \/>\n\u0160titi od korozije, sprje\u010dava zapinjanje dijelova.<br \/>\nOtporan na temperaturu od -40\u00b0C do +1000\u00b0C.<br \/>\nKarakteristike:<br \/>\nU\u010dinkovita \u0161titi od korozije u agresnivnoj okolini te prepre\u010duje sljepljenje pokrentih djelova. Primjeren je za mazanje razli\u010ditih djelova elemenetaza pr\u010dvr\u0161\u0107ivanje \u0161to su \u0161erafi, matice, Ispusni sistem, Ko\u010dioni valjci i \u010deljusti, svje\u010dice, kabelski elementi, razni nosa\u010di itd.<\/p>\n","protected":false},"featured_media":116213,"comment_status":"open","ping_status":"closed","template":"","meta":{"_acf_changed":false,"inline_featured_image":false},"product_brand":[],"product_cat":[70],"product_tag":[],"class_list":{"0":"post-116212","1":"product","2":"type-product","3":"status-publish","4":"has-post-thumbnail","6":"product_cat-hemijska-sredstva-za-auto-servise","8":"first","9":"instock","10":"taxable","11":"shipping-taxable","12":"purchasable","13":"product-type-simple"},"acf":[],"custom_product_id":"11186","_links":{"self":[{"href":"https:\/\/autostil.ba\/maloprodaja\/wp-json\/wp\/v2\/product\/116212","targetHints":{"allow":["GET"]}}],"collection":[{"href":"https:\/\/autostil.ba\/maloprodaja\/wp-json\/wp\/v2\/product"}],"about":[{"href":"https:\/\/autostil.ba\/maloprodaja\/wp-json\/wp\/v2\/types\/product"}],"replies":[{"embeddable":true,"href":"https:\/\/autostil.ba\/maloprodaja\/wp-json\/wp\/v2\/comments?post=116212"}],"version-history":[{"count":2,"href":"https:\/\/autostil.ba\/maloprodaja\/wp-json\/wp\/v2\/product\/116212\/revisions"}],"predecessor-version":[{"id":793049665,"href":"https:\/\/autostil.ba\/maloprodaja\/wp-json\/wp\/v2\/product\/116212\/revisions\/793049665"}],"wp:featuredmedia":[{"embeddable":true,"href":"https:\/\/autostil.ba\/maloprodaja\/wp-json\/wp\/v2\/media\/116213"}],"wp:attachment":[{"href":"https:\/\/autostil.ba\/maloprodaja\/wp-json\/wp\/v2\/media?parent=116212"}],"wp:term":[{"taxonomy":"product_brand","embeddable":true,"href":"https:\/\/autostil.ba\/maloprodaja\/wp-json\/wp\/v2\/product_brand?post=116212"},{"taxonomy":"product_cat","embeddable":true,"href":"https:\/\/autostil.ba\/maloprodaja\/wp-json\/wp\/v2\/product_cat?post=116212"},{"taxonomy":"product_tag","embeddable":true,"href":"https:\/\/autostil.ba\/maloprodaja\/wp-json\/wp\/v2\/product_tag?post=116212"}],"curies":[{"name":"wp","href":"https:\/\/api.w.org\/{rel}","templated":true}]}}