{"id":116202,"date":"2025-10-10T13:54:54","date_gmt":"2025-10-10T11:54:54","guid":{"rendered":"https:\/\/autostil.ba\/maloprodaja\/?post_type=product&#038;p=116202"},"modified":"2026-04-08T11:43:53","modified_gmt":"2026-04-08T09:43:53","slug":"diht-masa-crna-85g-amtra","status":"publish","type":"product","link":"https:\/\/autostil.ba\/maloprodaja\/proizvod\/3350\/diht-masa-crna-85g-amtra\/","title":{"rendered":"DIHT MASA CRNA 85g AMTRA"},"content":{"rendered":"","protected":false},"excerpt":{"rendered":"<p>DIHT MASA CRNA 85g AMTRA<br \/>\nZamjena tradicionalnih dihtunga,<\/p>\n<p>otporan na visoke temperature do + 329 \u00b0 C<br \/>\nOmogu\u0107uje najve\u0107u nepropusnost mehani\u010dkih komponenti. Proizvod je vrlo otporan na starenje, atmosferske efekte i cikli\u010dka termi\u010dka optere\u0107enja u rasponu od &#8211; 54 do + 329 \u00b0 C. Pru\u017ea najve\u0107u otpornost na ulje, glikol i druge hemikalije. Preporu\u010duje se za brtvljenje u automobilskim motorima i drugim instalacijama.<\/p>\n","protected":false},"featured_media":116203,"comment_status":"open","ping_status":"closed","template":"","meta":{"_acf_changed":false,"inline_featured_image":false},"product_brand":[],"product_cat":[135],"product_tag":[],"class_list":{"0":"post-116202","1":"product","2":"type-product","3":"status-publish","4":"has-post-thumbnail","6":"product_cat-ljepila","8":"first","9":"instock","10":"taxable","11":"shipping-taxable","12":"purchasable","13":"product-type-simple"},"acf":[],"custom_product_id":"3350","_links":{"self":[{"href":"https:\/\/autostil.ba\/maloprodaja\/wp-json\/wp\/v2\/product\/116202","targetHints":{"allow":["GET"]}}],"collection":[{"href":"https:\/\/autostil.ba\/maloprodaja\/wp-json\/wp\/v2\/product"}],"about":[{"href":"https:\/\/autostil.ba\/maloprodaja\/wp-json\/wp\/v2\/types\/product"}],"replies":[{"embeddable":true,"href":"https:\/\/autostil.ba\/maloprodaja\/wp-json\/wp\/v2\/comments?post=116202"}],"version-history":[{"count":2,"href":"https:\/\/autostil.ba\/maloprodaja\/wp-json\/wp\/v2\/product\/116202\/revisions"}],"predecessor-version":[{"id":793054358,"href":"https:\/\/autostil.ba\/maloprodaja\/wp-json\/wp\/v2\/product\/116202\/revisions\/793054358"}],"wp:featuredmedia":[{"embeddable":true,"href":"https:\/\/autostil.ba\/maloprodaja\/wp-json\/wp\/v2\/media\/116203"}],"wp:attachment":[{"href":"https:\/\/autostil.ba\/maloprodaja\/wp-json\/wp\/v2\/media?parent=116202"}],"wp:term":[{"taxonomy":"product_brand","embeddable":true,"href":"https:\/\/autostil.ba\/maloprodaja\/wp-json\/wp\/v2\/product_brand?post=116202"},{"taxonomy":"product_cat","embeddable":true,"href":"https:\/\/autostil.ba\/maloprodaja\/wp-json\/wp\/v2\/product_cat?post=116202"},{"taxonomy":"product_tag","embeddable":true,"href":"https:\/\/autostil.ba\/maloprodaja\/wp-json\/wp\/v2\/product_tag?post=116202"}],"curies":[{"name":"wp","href":"https:\/\/api.w.org\/{rel}","templated":true}]}}