{"id":116192,"date":"2024-07-18T08:12:52","date_gmt":"2024-07-18T08:12:52","guid":{"rendered":"https:\/\/autostil.ba\/maloprodaja\/?post_type=product&#038;p=116192"},"modified":"2026-04-08T11:43:53","modified_gmt":"2026-04-08T09:43:53","slug":"diht-masa-crvena-85g-amtra","status":"publish","type":"product","link":"https:\/\/autostil.ba\/maloprodaja\/proizvod\/3351\/diht-masa-crvena-85g-amtra\/","title":{"rendered":"DIHT MASA CRVENA 85g AMTRA"},"content":{"rendered":"","protected":false},"excerpt":{"rendered":"<p>DIHT MASA CRVENA 85g AMTRA<br \/>\nZamjena tradicionalnih zaptiva\u010da,<\/p>\n<p>otporan na visoke temperature do + 343 \u00b0 C.<\/p>\n<p> Omogu\u0107uje najve\u0107u nepropusnost mehani\u010dkih komponenti. Proizvod je vrlo otporan na starenje, vremenske uslove i cikli\u010dka termi\u010dka optere\u0107enja u rasponu od -54 do + 343 \u00b0 C. Pru\u017ea najve\u0107u otpornost na ulje, glikol i druge hemikalije. Preporu\u010duje se za brtvljenje u automobilima i ostalim instalacijama koje rade na visokim temperaturama.<\/p>\n","protected":false},"featured_media":116193,"comment_status":"open","ping_status":"closed","template":"","meta":{"_acf_changed":false,"inline_featured_image":false},"product_brand":[],"product_cat":[135],"product_tag":[],"class_list":{"0":"post-116192","1":"product","2":"type-product","3":"status-publish","4":"has-post-thumbnail","6":"product_cat-ljepila","8":"first","9":"instock","10":"taxable","11":"shipping-taxable","12":"purchasable","13":"product-type-simple"},"acf":[],"custom_product_id":"3351","_links":{"self":[{"href":"https:\/\/autostil.ba\/maloprodaja\/wp-json\/wp\/v2\/product\/116192","targetHints":{"allow":["GET"]}}],"collection":[{"href":"https:\/\/autostil.ba\/maloprodaja\/wp-json\/wp\/v2\/product"}],"about":[{"href":"https:\/\/autostil.ba\/maloprodaja\/wp-json\/wp\/v2\/types\/product"}],"replies":[{"embeddable":true,"href":"https:\/\/autostil.ba\/maloprodaja\/wp-json\/wp\/v2\/comments?post=116192"}],"version-history":[{"count":1,"href":"https:\/\/autostil.ba\/maloprodaja\/wp-json\/wp\/v2\/product\/116192\/revisions"}],"predecessor-version":[{"id":116194,"href":"https:\/\/autostil.ba\/maloprodaja\/wp-json\/wp\/v2\/product\/116192\/revisions\/116194"}],"wp:featuredmedia":[{"embeddable":true,"href":"https:\/\/autostil.ba\/maloprodaja\/wp-json\/wp\/v2\/media\/116193"}],"wp:attachment":[{"href":"https:\/\/autostil.ba\/maloprodaja\/wp-json\/wp\/v2\/media?parent=116192"}],"wp:term":[{"taxonomy":"product_brand","embeddable":true,"href":"https:\/\/autostil.ba\/maloprodaja\/wp-json\/wp\/v2\/product_brand?post=116192"},{"taxonomy":"product_cat","embeddable":true,"href":"https:\/\/autostil.ba\/maloprodaja\/wp-json\/wp\/v2\/product_cat?post=116192"},{"taxonomy":"product_tag","embeddable":true,"href":"https:\/\/autostil.ba\/maloprodaja\/wp-json\/wp\/v2\/product_tag?post=116192"}],"curies":[{"name":"wp","href":"https:\/\/api.w.org\/{rel}","templated":true}]}}