{"id":116172,"date":"2024-07-18T08:12:52","date_gmt":"2024-07-18T08:12:52","guid":{"rendered":"https:\/\/autostil.ba\/maloprodaja\/?post_type=product&#038;p=116172"},"modified":"2026-04-08T11:43:53","modified_gmt":"2026-04-08T09:43:53","slug":"sredstvo-za-ciscenje-masnoce-anti-oil-5l","status":"publish","type":"product","link":"https:\/\/autostil.ba\/maloprodaja\/proizvod\/11188\/sredstvo-za-ciscenje-masnoce-anti-oil-5l\/","title":{"rendered":"SREDSTVO ZA \u010cI\u0160\u0106ENJE MASNO\u0106E ANTI-OIL 5L"},"content":{"rendered":"","protected":false},"excerpt":{"rendered":"<p>Te\u010dnost za \u010di\u0161\u0107enje veoma masnih podova<\/p>\n<p>Efikasno rastvara masti i maziva<br \/>\nZa svakodnevnu njegu<br \/>\nZa ru\u010dno i ma\u0161insko pranje<\/p>\n<p>Svojstva proizvoda<\/p>\n<p>Preparat je namijenjen za \u010di\u0161\u0107enje jako zauljenih kerami\u010dkih i betonskih povr\u0161ina.<br \/>\nIma vrlo dobra svojstva rastvaranja masti i masti, \u0161to ga \u010dini savr\u0161enim za \u010di\u0161\u0107enje jako zauljenih podova, posebno u auto radionicama.<\/p>\n<p>Primjena: Za \u010di\u0161\u0107enje jako zaprljanih i zauljenih povr\u0161ina i industrijskih podova, u proizvodnim halama, pogonima za popravku, autoradionicama.<br \/>\nNe koristiti na lakiranim povr\u0161inama.<br \/>\nNa\u010din upotrebe<\/p>\n<p>Upute za upotrebu:<\/p>\n<p>Prije upotrebe dobro promu\u0107kati.<br \/>\nDnevna njega: 50-100 ml \/ 10L vode.<br \/>\nTemeljno \u010di\u0161\u0107enje: 300-500 ml \/ 10L vode.<\/p>\n","protected":false},"featured_media":116173,"comment_status":"open","ping_status":"closed","template":"","meta":{"_acf_changed":false,"inline_featured_image":false},"product_brand":[],"product_cat":[70],"product_tag":[],"class_list":{"0":"post-116172","1":"product","2":"type-product","3":"status-publish","4":"has-post-thumbnail","6":"product_cat-hemijska-sredstva-za-auto-servise","8":"first","9":"instock","10":"taxable","11":"shipping-taxable","12":"purchasable","13":"product-type-simple"},"acf":[],"custom_product_id":"11188","_links":{"self":[{"href":"https:\/\/autostil.ba\/maloprodaja\/wp-json\/wp\/v2\/product\/116172","targetHints":{"allow":["GET"]}}],"collection":[{"href":"https:\/\/autostil.ba\/maloprodaja\/wp-json\/wp\/v2\/product"}],"about":[{"href":"https:\/\/autostil.ba\/maloprodaja\/wp-json\/wp\/v2\/types\/product"}],"replies":[{"embeddable":true,"href":"https:\/\/autostil.ba\/maloprodaja\/wp-json\/wp\/v2\/comments?post=116172"}],"version-history":[{"count":1,"href":"https:\/\/autostil.ba\/maloprodaja\/wp-json\/wp\/v2\/product\/116172\/revisions"}],"predecessor-version":[{"id":116174,"href":"https:\/\/autostil.ba\/maloprodaja\/wp-json\/wp\/v2\/product\/116172\/revisions\/116174"}],"wp:featuredmedia":[{"embeddable":true,"href":"https:\/\/autostil.ba\/maloprodaja\/wp-json\/wp\/v2\/media\/116173"}],"wp:attachment":[{"href":"https:\/\/autostil.ba\/maloprodaja\/wp-json\/wp\/v2\/media?parent=116172"}],"wp:term":[{"taxonomy":"product_brand","embeddable":true,"href":"https:\/\/autostil.ba\/maloprodaja\/wp-json\/wp\/v2\/product_brand?post=116172"},{"taxonomy":"product_cat","embeddable":true,"href":"https:\/\/autostil.ba\/maloprodaja\/wp-json\/wp\/v2\/product_cat?post=116172"},{"taxonomy":"product_tag","embeddable":true,"href":"https:\/\/autostil.ba\/maloprodaja\/wp-json\/wp\/v2\/product_tag?post=116172"}],"curies":[{"name":"wp","href":"https:\/\/api.w.org\/{rel}","templated":true}]}}