{"id":116142,"date":"2026-02-03T11:14:51","date_gmt":"2026-02-03T09:14:51","guid":{"rendered":"https:\/\/autostil.ba\/maloprodaja\/?post_type=product&#038;p=116142"},"modified":"2026-04-08T11:43:53","modified_gmt":"2026-04-08T09:43:53","slug":"silikonski-sprej-200ml-amtra","status":"publish","type":"product","link":"https:\/\/autostil.ba\/maloprodaja\/proizvod\/6293\/silikonski-sprej-200ml-amtra\/","title":{"rendered":"SILIKONSKI SPREJ 200ml AMTRA"},"content":{"rendered":"","protected":false},"excerpt":{"rendered":"<p>SILIKONSKI SPREJ 200ml AMTRA Silikonski sprej za obloge oko vrata, prtlja\u017enika i prozora automobila. Odli\u010dan u\u010dinak u samo nekoliko sekundi. Omek\u0161ajte stare brtve pa postaju fleksibilne i vra\u0107aju im originalnu ljepotu i izgled.<br \/>\nPrije upotrebe dobro protresti. Formulacija se nanosi direktno na brtvilo, a zatim obri\u0161ite krpom ili prskajte po krpi i ravnomjerno rasporedite na brtve. Ne koristite na staklu, upravlja\u010du i papu\u010dicama.<\/p>\n","protected":false},"featured_media":116143,"comment_status":"open","ping_status":"closed","template":"","meta":{"_acf_changed":false,"inline_featured_image":false},"product_brand":[],"product_cat":[73],"product_tag":[],"class_list":{"0":"post-116142","1":"product","2":"type-product","3":"status-publish","4":"has-post-thumbnail","6":"product_cat-sredstva-za-pranje-i-odrzavanje","8":"first","9":"instock","10":"taxable","11":"shipping-taxable","12":"purchasable","13":"product-type-simple"},"acf":[],"custom_product_id":"6293","_links":{"self":[{"href":"https:\/\/autostil.ba\/maloprodaja\/wp-json\/wp\/v2\/product\/116142","targetHints":{"allow":["GET"]}}],"collection":[{"href":"https:\/\/autostil.ba\/maloprodaja\/wp-json\/wp\/v2\/product"}],"about":[{"href":"https:\/\/autostil.ba\/maloprodaja\/wp-json\/wp\/v2\/types\/product"}],"replies":[{"embeddable":true,"href":"https:\/\/autostil.ba\/maloprodaja\/wp-json\/wp\/v2\/comments?post=116142"}],"version-history":[{"count":1,"href":"https:\/\/autostil.ba\/maloprodaja\/wp-json\/wp\/v2\/product\/116142\/revisions"}],"predecessor-version":[{"id":116144,"href":"https:\/\/autostil.ba\/maloprodaja\/wp-json\/wp\/v2\/product\/116142\/revisions\/116144"}],"wp:featuredmedia":[{"embeddable":true,"href":"https:\/\/autostil.ba\/maloprodaja\/wp-json\/wp\/v2\/media\/116143"}],"wp:attachment":[{"href":"https:\/\/autostil.ba\/maloprodaja\/wp-json\/wp\/v2\/media?parent=116142"}],"wp:term":[{"taxonomy":"product_brand","embeddable":true,"href":"https:\/\/autostil.ba\/maloprodaja\/wp-json\/wp\/v2\/product_brand?post=116142"},{"taxonomy":"product_cat","embeddable":true,"href":"https:\/\/autostil.ba\/maloprodaja\/wp-json\/wp\/v2\/product_cat?post=116142"},{"taxonomy":"product_tag","embeddable":true,"href":"https:\/\/autostil.ba\/maloprodaja\/wp-json\/wp\/v2\/product_tag?post=116142"}],"curies":[{"name":"wp","href":"https:\/\/api.w.org\/{rel}","templated":true}]}}