{"id":116092,"date":"2025-12-02T13:02:48","date_gmt":"2025-12-02T11:02:48","guid":{"rendered":"https:\/\/autostil.ba\/maloprodaja\/?post_type=product&#038;p=116092"},"modified":"2026-04-08T11:43:47","modified_gmt":"2026-04-08T09:43:47","slug":"rukavice-zastitne-gumirane","status":"publish","type":"product","link":"https:\/\/autostil.ba\/maloprodaja\/proizvod\/6839\/rukavice-zastitne-gumirane\/","title":{"rendered":"RUKAVICE ZA\u0160TITNE GUMIRANE"},"content":{"rendered":"","protected":false},"excerpt":{"rendered":"<p>RUKAVICE ZA\u0160TITNE GUMIRANE Napravljene od poliestera, oblo\u017eene lateksom.<br \/>\nRebraste man\u0161ete.<br \/>\nGruba prekrivena struktura osigurava izvrsno prianjanje.<br \/>\nElegantna i izdr\u017eljiva.<br \/>\nOtporna je na tro\u0161enje i habanje.<\/p>\n","protected":false},"featured_media":793045944,"comment_status":"open","ping_status":"closed","template":"","meta":{"_acf_changed":false,"inline_featured_image":false},"product_brand":[],"product_cat":[55],"product_tag":[],"class_list":{"0":"post-116092","1":"product","2":"type-product","3":"status-publish","4":"has-post-thumbnail","6":"product_cat-alat-i-oprema-za-servise","8":"first","9":"instock","10":"taxable","11":"shipping-taxable","12":"purchasable","13":"product-type-simple"},"acf":[],"custom_product_id":"6839","_links":{"self":[{"href":"https:\/\/autostil.ba\/maloprodaja\/wp-json\/wp\/v2\/product\/116092","targetHints":{"allow":["GET"]}}],"collection":[{"href":"https:\/\/autostil.ba\/maloprodaja\/wp-json\/wp\/v2\/product"}],"about":[{"href":"https:\/\/autostil.ba\/maloprodaja\/wp-json\/wp\/v2\/types\/product"}],"replies":[{"embeddable":true,"href":"https:\/\/autostil.ba\/maloprodaja\/wp-json\/wp\/v2\/comments?post=116092"}],"version-history":[{"count":1,"href":"https:\/\/autostil.ba\/maloprodaja\/wp-json\/wp\/v2\/product\/116092\/revisions"}],"predecessor-version":[{"id":116094,"href":"https:\/\/autostil.ba\/maloprodaja\/wp-json\/wp\/v2\/product\/116092\/revisions\/116094"}],"wp:featuredmedia":[{"embeddable":true,"href":"https:\/\/autostil.ba\/maloprodaja\/wp-json\/wp\/v2\/media\/793045944"}],"wp:attachment":[{"href":"https:\/\/autostil.ba\/maloprodaja\/wp-json\/wp\/v2\/media?parent=116092"}],"wp:term":[{"taxonomy":"product_brand","embeddable":true,"href":"https:\/\/autostil.ba\/maloprodaja\/wp-json\/wp\/v2\/product_brand?post=116092"},{"taxonomy":"product_cat","embeddable":true,"href":"https:\/\/autostil.ba\/maloprodaja\/wp-json\/wp\/v2\/product_cat?post=116092"},{"taxonomy":"product_tag","embeddable":true,"href":"https:\/\/autostil.ba\/maloprodaja\/wp-json\/wp\/v2\/product_tag?post=116092"}],"curies":[{"name":"wp","href":"https:\/\/api.w.org\/{rel}","templated":true}]}}