{"id":116082,"date":"2025-02-26T15:18:48","date_gmt":"2025-02-26T13:18:48","guid":{"rendered":"https:\/\/autostil.ba\/maloprodaja\/?post_type=product&#038;p=116082"},"modified":"2026-04-08T11:43:47","modified_gmt":"2026-04-08T09:43:47","slug":"cistac-stakla-fleksibilni-sa-ergonomskom-drskom","status":"publish","type":"product","link":"https:\/\/autostil.ba\/maloprodaja\/proizvod\/7520\/cistac-stakla-fleksibilni-sa-ergonomskom-drskom\/","title":{"rendered":"\u010cISTA\u010c STAKLA FLEKSIBILNI SA ERGONOMSKOM DR\u0160KOM"},"content":{"rendered":"","protected":false},"excerpt":{"rendered":"<p>\u010cISTA\u010c STAKLA FLEKSIBILNI SA ERGONOMSKOM DR\u0160KOM Dizajniran je za uklanjanje vode sa prozora i karoserije automobila, koristi se i za uklanjanje vode iz tu\u0161 kabina. Dvostruke ivice izra\u0111ene od fleksibilne i meke gume savr\u0161eno se prilago\u0111avaju nepravilnim oblicima karoserije. Idealan je za \u010di\u0161\u0107enje prozora u doma\u0107instvima. Ne uzrokuje ogrebotine, ne ostavlja mrlje.<\/p>\n","protected":false},"featured_media":116083,"comment_status":"open","ping_status":"closed","template":"","meta":{"_acf_changed":false,"inline_featured_image":false},"product_brand":[],"product_cat":[73],"product_tag":[],"class_list":{"0":"post-116082","1":"product","2":"type-product","3":"status-publish","4":"has-post-thumbnail","6":"product_cat-sredstva-za-pranje-i-odrzavanje","8":"first","9":"instock","10":"taxable","11":"shipping-taxable","12":"purchasable","13":"product-type-simple"},"acf":[],"custom_product_id":"7520","_links":{"self":[{"href":"https:\/\/autostil.ba\/maloprodaja\/wp-json\/wp\/v2\/product\/116082","targetHints":{"allow":["GET"]}}],"collection":[{"href":"https:\/\/autostil.ba\/maloprodaja\/wp-json\/wp\/v2\/product"}],"about":[{"href":"https:\/\/autostil.ba\/maloprodaja\/wp-json\/wp\/v2\/types\/product"}],"replies":[{"embeddable":true,"href":"https:\/\/autostil.ba\/maloprodaja\/wp-json\/wp\/v2\/comments?post=116082"}],"version-history":[{"count":1,"href":"https:\/\/autostil.ba\/maloprodaja\/wp-json\/wp\/v2\/product\/116082\/revisions"}],"predecessor-version":[{"id":116084,"href":"https:\/\/autostil.ba\/maloprodaja\/wp-json\/wp\/v2\/product\/116082\/revisions\/116084"}],"wp:featuredmedia":[{"embeddable":true,"href":"https:\/\/autostil.ba\/maloprodaja\/wp-json\/wp\/v2\/media\/116083"}],"wp:attachment":[{"href":"https:\/\/autostil.ba\/maloprodaja\/wp-json\/wp\/v2\/media?parent=116082"}],"wp:term":[{"taxonomy":"product_brand","embeddable":true,"href":"https:\/\/autostil.ba\/maloprodaja\/wp-json\/wp\/v2\/product_brand?post=116082"},{"taxonomy":"product_cat","embeddable":true,"href":"https:\/\/autostil.ba\/maloprodaja\/wp-json\/wp\/v2\/product_cat?post=116082"},{"taxonomy":"product_tag","embeddable":true,"href":"https:\/\/autostil.ba\/maloprodaja\/wp-json\/wp\/v2\/product_tag?post=116082"}],"curies":[{"name":"wp","href":"https:\/\/api.w.org\/{rel}","templated":true}]}}