{"id":116052,"date":"2024-07-18T08:12:46","date_gmt":"2024-07-18T06:12:46","guid":{"rendered":"https:\/\/autostil.ba\/maloprodaja\/?post_type=product&#038;p=116052"},"modified":"2026-04-08T11:43:47","modified_gmt":"2026-04-08T09:43:47","slug":"mast-za-podmazivanje-u-spreju-amtra-400ml","status":"publish","type":"product","link":"https:\/\/autostil.ba\/maloprodaja\/proizvod\/4161\/mast-za-podmazivanje-u-spreju-amtra-400ml\/","title":{"rendered":"MAST ZA PODMAZIVANJE U SPREJU AMTRA 400ml"},"content":{"rendered":"","protected":false},"excerpt":{"rendered":"<p>MAST ZA PODMAZIVANJE U SPREJU AMTRA 400ml Profesionalna priprema s vrlo dobrim svojstvima maziva.<br \/>\n\u010cestice PTFE-a prisutne u proizvodu dobro se pridr\u017eavaju metalnih povr\u0161ina, smanjuju\u0107i trenje i pove\u0107avaju\u0107i otpornost na koroziju.<br \/>\nOtporan na so i vodu. U\u010dinkovit na temperaturama u rasponu od &#8211; 40 \u00b0 C do + 180 \u00b0 C.<\/p>\n","protected":false},"featured_media":116053,"comment_status":"open","ping_status":"closed","template":"","meta":{"_acf_changed":false,"inline_featured_image":false},"product_brand":[],"product_cat":[70],"product_tag":[],"class_list":{"0":"post-116052","1":"product","2":"type-product","3":"status-publish","4":"has-post-thumbnail","6":"product_cat-hemijska-sredstva-za-auto-servise","8":"first","9":"instock","10":"taxable","11":"shipping-taxable","12":"purchasable","13":"product-type-simple"},"acf":[],"custom_product_id":"4161","_links":{"self":[{"href":"https:\/\/autostil.ba\/maloprodaja\/wp-json\/wp\/v2\/product\/116052","targetHints":{"allow":["GET"]}}],"collection":[{"href":"https:\/\/autostil.ba\/maloprodaja\/wp-json\/wp\/v2\/product"}],"about":[{"href":"https:\/\/autostil.ba\/maloprodaja\/wp-json\/wp\/v2\/types\/product"}],"replies":[{"embeddable":true,"href":"https:\/\/autostil.ba\/maloprodaja\/wp-json\/wp\/v2\/comments?post=116052"}],"version-history":[{"count":1,"href":"https:\/\/autostil.ba\/maloprodaja\/wp-json\/wp\/v2\/product\/116052\/revisions"}],"predecessor-version":[{"id":116054,"href":"https:\/\/autostil.ba\/maloprodaja\/wp-json\/wp\/v2\/product\/116052\/revisions\/116054"}],"wp:featuredmedia":[{"embeddable":true,"href":"https:\/\/autostil.ba\/maloprodaja\/wp-json\/wp\/v2\/media\/116053"}],"wp:attachment":[{"href":"https:\/\/autostil.ba\/maloprodaja\/wp-json\/wp\/v2\/media?parent=116052"}],"wp:term":[{"taxonomy":"product_brand","embeddable":true,"href":"https:\/\/autostil.ba\/maloprodaja\/wp-json\/wp\/v2\/product_brand?post=116052"},{"taxonomy":"product_cat","embeddable":true,"href":"https:\/\/autostil.ba\/maloprodaja\/wp-json\/wp\/v2\/product_cat?post=116052"},{"taxonomy":"product_tag","embeddable":true,"href":"https:\/\/autostil.ba\/maloprodaja\/wp-json\/wp\/v2\/product_tag?post=116052"}],"curies":[{"name":"wp","href":"https:\/\/api.w.org\/{rel}","templated":true}]}}