{"id":116022,"date":"2026-02-03T10:43:45","date_gmt":"2026-02-03T08:43:45","guid":{"rendered":"https:\/\/autostil.ba\/maloprodaja\/?post_type=product&#038;p=116022"},"modified":"2026-04-08T11:43:47","modified_gmt":"2026-04-08T09:43:47","slug":"kokpit-sprej-amtra-500ml-vanilija","status":"publish","type":"product","link":"https:\/\/autostil.ba\/maloprodaja\/proizvod\/3320\/kokpit-sprej-amtra-500ml-vanilija\/","title":{"rendered":"KOKPIT SPREJ AMTRA 500ml VANILIJA"},"content":{"rendered":"","protected":false},"excerpt":{"rendered":"<p>KOKPIT SPREJ AMTRA 500ml VANILIJA<br \/>\nKokpit sprej,\u010dista\u010d kabine.<br \/>\n\u010cisti i odr\u017eava sve plasti\u010dne komponente unutar automobila. Antistati\u010dki preparat &#8211; smanjuje mogu\u0107nost ponovnog talo\u017eenja pra\u0161ine. O\u010di\u0161\u0107ene povr\u0161ine ostavlja sjajne, \u0161to im daje ugodan miris, odla\u017ee proces starenja plastike.<\/p>\n<p>Prije upotrebe protresite posudu.<br \/>\nNanesite direktno na povr\u0161inu koju o\u010distite i polirajte mekom krpom ili krpom i ravnomjerno rasporedite.<br \/>\nNe prskajte upravlja\u010d, papu\u010dice ili prozore.<\/p>\n","protected":false},"featured_media":116023,"comment_status":"open","ping_status":"closed","template":"","meta":{"_acf_changed":false,"inline_featured_image":false},"product_brand":[],"product_cat":[73],"product_tag":[],"class_list":{"0":"post-116022","1":"product","2":"type-product","3":"status-publish","4":"has-post-thumbnail","6":"product_cat-sredstva-za-pranje-i-odrzavanje","8":"first","9":"instock","10":"taxable","11":"shipping-taxable","12":"purchasable","13":"product-type-simple"},"acf":[],"custom_product_id":"3320","_links":{"self":[{"href":"https:\/\/autostil.ba\/maloprodaja\/wp-json\/wp\/v2\/product\/116022","targetHints":{"allow":["GET"]}}],"collection":[{"href":"https:\/\/autostil.ba\/maloprodaja\/wp-json\/wp\/v2\/product"}],"about":[{"href":"https:\/\/autostil.ba\/maloprodaja\/wp-json\/wp\/v2\/types\/product"}],"replies":[{"embeddable":true,"href":"https:\/\/autostil.ba\/maloprodaja\/wp-json\/wp\/v2\/comments?post=116022"}],"version-history":[{"count":2,"href":"https:\/\/autostil.ba\/maloprodaja\/wp-json\/wp\/v2\/product\/116022\/revisions"}],"predecessor-version":[{"id":793049666,"href":"https:\/\/autostil.ba\/maloprodaja\/wp-json\/wp\/v2\/product\/116022\/revisions\/793049666"}],"wp:featuredmedia":[{"embeddable":true,"href":"https:\/\/autostil.ba\/maloprodaja\/wp-json\/wp\/v2\/media\/116023"}],"wp:attachment":[{"href":"https:\/\/autostil.ba\/maloprodaja\/wp-json\/wp\/v2\/media?parent=116022"}],"wp:term":[{"taxonomy":"product_brand","embeddable":true,"href":"https:\/\/autostil.ba\/maloprodaja\/wp-json\/wp\/v2\/product_brand?post=116022"},{"taxonomy":"product_cat","embeddable":true,"href":"https:\/\/autostil.ba\/maloprodaja\/wp-json\/wp\/v2\/product_cat?post=116022"},{"taxonomy":"product_tag","embeddable":true,"href":"https:\/\/autostil.ba\/maloprodaja\/wp-json\/wp\/v2\/product_tag?post=116022"}],"curies":[{"name":"wp","href":"https:\/\/api.w.org\/{rel}","templated":true}]}}