{"id":115992,"date":"2024-12-03T09:18:44","date_gmt":"2024-12-03T07:18:44","guid":{"rendered":"https:\/\/autostil.ba\/maloprodaja\/?post_type=product&#038;p=115992"},"modified":"2026-04-08T11:43:42","modified_gmt":"2026-04-08T09:43:42","slug":"tecni-metal-amtra-56g","status":"publish","type":"product","link":"https:\/\/autostil.ba\/maloprodaja\/proizvod\/6840\/tecni-metal-amtra-56g\/","title":{"rendered":"TE\u010cNI METAL AMTRA 56g"},"content":{"rendered":"","protected":false},"excerpt":{"rendered":"<p>TE\u010cNI METAL AMTRA 56g Ljepilo za brzo stvrdnjavanje epoksidne i \u010deli\u010dne mase.<br \/>\nMA Professional sloj je brzo o\u010dvrsnuta masa izra\u0111ena od epoksida i \u010delika namijenjena za popravak o\u0161te\u0107enih \/ napuklih dijelova izra\u0111enih od raznih metalnih legura, drveta, keramike, plastike i mnogih drugih materijala. U\u010dinkovito popravlja napukle blokove motora, hladnjake, ku\u0107i\u0161ta mehani\u010dkih sklopova, o\u0161te\u0107ene priklju\u010dke radijatora i brojne druge predmete. Proizvod stvara vrlo tvrdu vezu otpornu na temperaturu do 150 \u00b0C i otporan je na automobilska, zup\u010dana i hidrauli\u010dka ulja, benzin, vodu i mnoge druge tvari. Zavisno o temperaturi okoline, po\u010detno o\u010dvr\u0161\u0107ivanje odvija se u roku od 4 do 10 minuta.<\/p>\n","protected":false},"featured_media":115993,"comment_status":"open","ping_status":"closed","template":"","meta":{"_acf_changed":false,"inline_featured_image":false},"product_brand":[],"product_cat":[135],"product_tag":[],"class_list":{"0":"post-115992","1":"product","2":"type-product","3":"status-publish","4":"has-post-thumbnail","6":"product_cat-ljepila","8":"first","9":"instock","10":"taxable","11":"shipping-taxable","12":"purchasable","13":"product-type-simple"},"acf":[],"custom_product_id":"6840","_links":{"self":[{"href":"https:\/\/autostil.ba\/maloprodaja\/wp-json\/wp\/v2\/product\/115992","targetHints":{"allow":["GET"]}}],"collection":[{"href":"https:\/\/autostil.ba\/maloprodaja\/wp-json\/wp\/v2\/product"}],"about":[{"href":"https:\/\/autostil.ba\/maloprodaja\/wp-json\/wp\/v2\/types\/product"}],"replies":[{"embeddable":true,"href":"https:\/\/autostil.ba\/maloprodaja\/wp-json\/wp\/v2\/comments?post=115992"}],"version-history":[{"count":1,"href":"https:\/\/autostil.ba\/maloprodaja\/wp-json\/wp\/v2\/product\/115992\/revisions"}],"predecessor-version":[{"id":115994,"href":"https:\/\/autostil.ba\/maloprodaja\/wp-json\/wp\/v2\/product\/115992\/revisions\/115994"}],"wp:featuredmedia":[{"embeddable":true,"href":"https:\/\/autostil.ba\/maloprodaja\/wp-json\/wp\/v2\/media\/115993"}],"wp:attachment":[{"href":"https:\/\/autostil.ba\/maloprodaja\/wp-json\/wp\/v2\/media?parent=115992"}],"wp:term":[{"taxonomy":"product_brand","embeddable":true,"href":"https:\/\/autostil.ba\/maloprodaja\/wp-json\/wp\/v2\/product_brand?post=115992"},{"taxonomy":"product_cat","embeddable":true,"href":"https:\/\/autostil.ba\/maloprodaja\/wp-json\/wp\/v2\/product_cat?post=115992"},{"taxonomy":"product_tag","embeddable":true,"href":"https:\/\/autostil.ba\/maloprodaja\/wp-json\/wp\/v2\/product_tag?post=115992"}],"curies":[{"name":"wp","href":"https:\/\/api.w.org\/{rel}","templated":true}]}}