{"id":115982,"date":"2025-04-29T15:12:43","date_gmt":"2025-04-29T13:12:43","guid":{"rendered":"https:\/\/autostil.ba\/maloprodaja\/?post_type=product&#038;p=115982"},"modified":"2026-04-08T11:43:42","modified_gmt":"2026-04-08T09:43:42","slug":"tecnost-protiv-curenja-hladnjaka-400ml-amtra-profesional","status":"publish","type":"product","link":"https:\/\/autostil.ba\/maloprodaja\/proizvod\/3394\/tecnost-protiv-curenja-hladnjaka-400ml-amtra-profesional\/","title":{"rendered":"TE\u010cNOST PROTIV CURENJA HLADNJAKA 400ml AMTRA PROFESIONAL"},"content":{"rendered":"","protected":false},"excerpt":{"rendered":"<p>TE\u010cNOST PROTIV CURENJA HLADNJAKA 400ml AMTRA PROFESIONAL Vrhunski tehnolo\u0161ki proizvod protiv curenja hladnjaka. Elimini\u0161e pukotine do 0,9 mm. Siguran za upotrebu sa \u010deli\u010dnim i aluminijskim hladnjacima.<\/p>\n","protected":false},"featured_media":115983,"comment_status":"open","ping_status":"closed","template":"","meta":{"_acf_changed":false,"inline_featured_image":false},"product_brand":[],"product_cat":[70],"product_tag":[],"class_list":{"0":"post-115982","1":"product","2":"type-product","3":"status-publish","4":"has-post-thumbnail","6":"product_cat-hemijska-sredstva-za-auto-servise","8":"first","9":"instock","10":"taxable","11":"shipping-taxable","12":"purchasable","13":"product-type-simple"},"acf":[],"custom_product_id":"3394","_links":{"self":[{"href":"https:\/\/autostil.ba\/maloprodaja\/wp-json\/wp\/v2\/product\/115982","targetHints":{"allow":["GET"]}}],"collection":[{"href":"https:\/\/autostil.ba\/maloprodaja\/wp-json\/wp\/v2\/product"}],"about":[{"href":"https:\/\/autostil.ba\/maloprodaja\/wp-json\/wp\/v2\/types\/product"}],"replies":[{"embeddable":true,"href":"https:\/\/autostil.ba\/maloprodaja\/wp-json\/wp\/v2\/comments?post=115982"}],"version-history":[{"count":1,"href":"https:\/\/autostil.ba\/maloprodaja\/wp-json\/wp\/v2\/product\/115982\/revisions"}],"predecessor-version":[{"id":115984,"href":"https:\/\/autostil.ba\/maloprodaja\/wp-json\/wp\/v2\/product\/115982\/revisions\/115984"}],"wp:featuredmedia":[{"embeddable":true,"href":"https:\/\/autostil.ba\/maloprodaja\/wp-json\/wp\/v2\/media\/115983"}],"wp:attachment":[{"href":"https:\/\/autostil.ba\/maloprodaja\/wp-json\/wp\/v2\/media?parent=115982"}],"wp:term":[{"taxonomy":"product_brand","embeddable":true,"href":"https:\/\/autostil.ba\/maloprodaja\/wp-json\/wp\/v2\/product_brand?post=115982"},{"taxonomy":"product_cat","embeddable":true,"href":"https:\/\/autostil.ba\/maloprodaja\/wp-json\/wp\/v2\/product_cat?post=115982"},{"taxonomy":"product_tag","embeddable":true,"href":"https:\/\/autostil.ba\/maloprodaja\/wp-json\/wp\/v2\/product_tag?post=115982"}],"curies":[{"name":"wp","href":"https:\/\/api.w.org\/{rel}","templated":true}]}}