{"id":115942,"date":"2024-07-18T08:12:42","date_gmt":"2024-07-18T06:12:42","guid":{"rendered":"https:\/\/autostil.ba\/maloprodaja\/?post_type=product&#038;p=115942"},"modified":"2026-04-08T11:43:42","modified_gmt":"2026-04-08T09:43:42","slug":"losion-za-instrument-tablu-jabuka-300ml","status":"publish","type":"product","link":"https:\/\/autostil.ba\/maloprodaja\/proizvod\/3692\/losion-za-instrument-tablu-jabuka-300ml\/","title":{"rendered":"LOSION ZA INSTRUMENT TABLU JABUKA 300ml"},"content":{"rendered":"","protected":false},"excerpt":{"rendered":"<p>LOSION ZA INSTRUMENT TABLU JABUKA 300ml<br \/>\nLosion  za \u010di\u0161\u0107enje instrument table  u raspr\u0161iva\u010du.<br \/>\nLosion za instrument tablu  obnavlja izgled o\u010di\u0161\u0107ene povr\u0161ine osiguravaju\u0107i ugodan miris. Formula sadr\u017ei antistati\u010dke sastojke kako bi se osigurala \u010disto\u0107a dugo.<br \/>\nFormula je dostupna u mat i sjajnom fini\u0161u i dva mirisa: jabuka i vanilija.<br \/>\nPrilikom kori\u0161tenja protresite posudu,razma\u017eite  losion  na povr\u0161ini koja se \u010disti.<\/p>\n","protected":false},"featured_media":115943,"comment_status":"open","ping_status":"closed","template":"","meta":{"_acf_changed":false,"inline_featured_image":false},"product_brand":[],"product_cat":[73],"product_tag":[],"class_list":{"0":"post-115942","1":"product","2":"type-product","3":"status-publish","4":"has-post-thumbnail","6":"product_cat-sredstva-za-pranje-i-odrzavanje","8":"first","9":"instock","10":"taxable","11":"shipping-taxable","12":"purchasable","13":"product-type-simple"},"acf":[],"custom_product_id":"3692","_links":{"self":[{"href":"https:\/\/autostil.ba\/maloprodaja\/wp-json\/wp\/v2\/product\/115942","targetHints":{"allow":["GET"]}}],"collection":[{"href":"https:\/\/autostil.ba\/maloprodaja\/wp-json\/wp\/v2\/product"}],"about":[{"href":"https:\/\/autostil.ba\/maloprodaja\/wp-json\/wp\/v2\/types\/product"}],"replies":[{"embeddable":true,"href":"https:\/\/autostil.ba\/maloprodaja\/wp-json\/wp\/v2\/comments?post=115942"}],"version-history":[{"count":1,"href":"https:\/\/autostil.ba\/maloprodaja\/wp-json\/wp\/v2\/product\/115942\/revisions"}],"predecessor-version":[{"id":115944,"href":"https:\/\/autostil.ba\/maloprodaja\/wp-json\/wp\/v2\/product\/115942\/revisions\/115944"}],"wp:featuredmedia":[{"embeddable":true,"href":"https:\/\/autostil.ba\/maloprodaja\/wp-json\/wp\/v2\/media\/115943"}],"wp:attachment":[{"href":"https:\/\/autostil.ba\/maloprodaja\/wp-json\/wp\/v2\/media?parent=115942"}],"wp:term":[{"taxonomy":"product_brand","embeddable":true,"href":"https:\/\/autostil.ba\/maloprodaja\/wp-json\/wp\/v2\/product_brand?post=115942"},{"taxonomy":"product_cat","embeddable":true,"href":"https:\/\/autostil.ba\/maloprodaja\/wp-json\/wp\/v2\/product_cat?post=115942"},{"taxonomy":"product_tag","embeddable":true,"href":"https:\/\/autostil.ba\/maloprodaja\/wp-json\/wp\/v2\/product_tag?post=115942"}],"curies":[{"name":"wp","href":"https:\/\/api.w.org\/{rel}","templated":true}]}}