{"id":115922,"date":"2024-07-18T08:12:41","date_gmt":"2024-07-18T06:12:41","guid":{"rendered":"https:\/\/autostil.ba\/maloprodaja\/?post_type=product&#038;p=115922"},"modified":"2026-04-08T11:43:42","modified_gmt":"2026-04-08T09:43:42","slug":"kokpit-sprej-amtra-750ml-arctic","status":"publish","type":"product","link":"https:\/\/autostil.ba\/maloprodaja\/proizvod\/3319\/kokpit-sprej-amtra-750ml-arctic\/","title":{"rendered":"KOKPIT SPREJ AMTRA 750ml ARCTIC"},"content":{"rendered":"","protected":false},"excerpt":{"rendered":"<p>KOKPIT SPREJ AMTRA 750ml ARCTIC<br \/>\nKokpit sprej,\u010dista\u010d kabine.<br \/>\n\u010cisti i odr\u017eava sve plasti\u010dne komponente unutar automobila. Antistati\u010dki preparat &#8211; smanjuje mogu\u0107nost ponovnog talo\u017eenja pra\u0161ine. O\u010di\u0161\u0107ene povr\u0161ine ostavlja sjajne, \u0161to im daje ugodan miris, odla\u017ee proces starenja plastike.<br \/>\nPrije upotrebe protresite posudu.<br \/>\nNanesite direktno na povr\u0161inu koju o\u010distite i polirajte mekom krpom ili krpom i ravnomjerno rasporedite.<br \/>\nNe prskajte upravlja\u010d, papu\u010dice ili prozore.<\/p>\n","protected":false},"featured_media":115923,"comment_status":"open","ping_status":"closed","template":"","meta":{"_acf_changed":false,"inline_featured_image":false},"product_brand":[],"product_cat":[73],"product_tag":[],"class_list":{"0":"post-115922","1":"product","2":"type-product","3":"status-publish","4":"has-post-thumbnail","6":"product_cat-sredstva-za-pranje-i-odrzavanje","8":"first","9":"instock","10":"taxable","11":"shipping-taxable","12":"purchasable","13":"product-type-simple"},"acf":[],"custom_product_id":"3319","_links":{"self":[{"href":"https:\/\/autostil.ba\/maloprodaja\/wp-json\/wp\/v2\/product\/115922","targetHints":{"allow":["GET"]}}],"collection":[{"href":"https:\/\/autostil.ba\/maloprodaja\/wp-json\/wp\/v2\/product"}],"about":[{"href":"https:\/\/autostil.ba\/maloprodaja\/wp-json\/wp\/v2\/types\/product"}],"replies":[{"embeddable":true,"href":"https:\/\/autostil.ba\/maloprodaja\/wp-json\/wp\/v2\/comments?post=115922"}],"version-history":[{"count":1,"href":"https:\/\/autostil.ba\/maloprodaja\/wp-json\/wp\/v2\/product\/115922\/revisions"}],"predecessor-version":[{"id":115924,"href":"https:\/\/autostil.ba\/maloprodaja\/wp-json\/wp\/v2\/product\/115922\/revisions\/115924"}],"wp:featuredmedia":[{"embeddable":true,"href":"https:\/\/autostil.ba\/maloprodaja\/wp-json\/wp\/v2\/media\/115923"}],"wp:attachment":[{"href":"https:\/\/autostil.ba\/maloprodaja\/wp-json\/wp\/v2\/media?parent=115922"}],"wp:term":[{"taxonomy":"product_brand","embeddable":true,"href":"https:\/\/autostil.ba\/maloprodaja\/wp-json\/wp\/v2\/product_brand?post=115922"},{"taxonomy":"product_cat","embeddable":true,"href":"https:\/\/autostil.ba\/maloprodaja\/wp-json\/wp\/v2\/product_cat?post=115922"},{"taxonomy":"product_tag","embeddable":true,"href":"https:\/\/autostil.ba\/maloprodaja\/wp-json\/wp\/v2\/product_tag?post=115922"}],"curies":[{"name":"wp","href":"https:\/\/api.w.org\/{rel}","templated":true}]}}