{"id":115912,"date":"2024-12-03T09:16:41","date_gmt":"2024-12-03T07:16:41","guid":{"rendered":"https:\/\/autostil.ba\/maloprodaja\/?post_type=product&#038;p=115912"},"modified":"2026-04-28T23:59:01","modified_gmt":"2026-04-28T21:59:01","slug":"sprej-za-ciscenje-protokomjera-250ml","status":"publish","type":"product","link":"https:\/\/autostil.ba\/maloprodaja\/proizvod\/3493\/sprej-za-ciscenje-protokomjera-250ml\/","title":{"rendered":"SPREJ ZA \u010cI\u0160\u0106ENJE PROTOKOMJERA 250ml"},"content":{"rendered":"","protected":false},"excerpt":{"rendered":"<p>SPREJ ZA \u010cI\u0160\u0106ENJE PROTOKOMJERA 250ml Sredstvo za \u010di\u0161\u0107enje senzora protoka zraka. \u010cisti senzore protoka zraka vru\u0107om \u017eicom i grija\u0107om plo\u010dom omogu\u0107uju\u0107i optimalan rad ubrizgavaju\u0107eg sistema. Preparat je precizna i efikasna otopina za \u010di\u0161\u0107enje koja ne sadr\u017ei glikol i hlor.<\/p>\n","protected":false},"featured_media":115913,"comment_status":"open","ping_status":"closed","template":"","meta":{"_acf_changed":false,"inline_featured_image":false},"product_brand":[],"product_cat":[70],"product_tag":[],"class_list":{"0":"post-115912","1":"product","2":"type-product","3":"status-publish","4":"has-post-thumbnail","6":"product_cat-hemijska-sredstva-za-auto-servise","8":"first","9":"instock","10":"taxable","11":"shipping-taxable","12":"purchasable","13":"product-type-simple"},"acf":[],"custom_product_id":"3493","_links":{"self":[{"href":"https:\/\/autostil.ba\/maloprodaja\/wp-json\/wp\/v2\/product\/115912","targetHints":{"allow":["GET"]}}],"collection":[{"href":"https:\/\/autostil.ba\/maloprodaja\/wp-json\/wp\/v2\/product"}],"about":[{"href":"https:\/\/autostil.ba\/maloprodaja\/wp-json\/wp\/v2\/types\/product"}],"replies":[{"embeddable":true,"href":"https:\/\/autostil.ba\/maloprodaja\/wp-json\/wp\/v2\/comments?post=115912"}],"version-history":[{"count":1,"href":"https:\/\/autostil.ba\/maloprodaja\/wp-json\/wp\/v2\/product\/115912\/revisions"}],"predecessor-version":[{"id":115914,"href":"https:\/\/autostil.ba\/maloprodaja\/wp-json\/wp\/v2\/product\/115912\/revisions\/115914"}],"wp:featuredmedia":[{"embeddable":true,"href":"https:\/\/autostil.ba\/maloprodaja\/wp-json\/wp\/v2\/media\/115913"}],"wp:attachment":[{"href":"https:\/\/autostil.ba\/maloprodaja\/wp-json\/wp\/v2\/media?parent=115912"}],"wp:term":[{"taxonomy":"product_brand","embeddable":true,"href":"https:\/\/autostil.ba\/maloprodaja\/wp-json\/wp\/v2\/product_brand?post=115912"},{"taxonomy":"product_cat","embeddable":true,"href":"https:\/\/autostil.ba\/maloprodaja\/wp-json\/wp\/v2\/product_cat?post=115912"},{"taxonomy":"product_tag","embeddable":true,"href":"https:\/\/autostil.ba\/maloprodaja\/wp-json\/wp\/v2\/product_tag?post=115912"}],"curies":[{"name":"wp","href":"https:\/\/api.w.org\/{rel}","templated":true}]}}