{"id":115902,"date":"2024-12-03T09:16:40","date_gmt":"2024-12-03T07:16:40","guid":{"rendered":"https:\/\/autostil.ba\/maloprodaja\/?post_type=product&#038;p=115902"},"modified":"2026-04-08T11:43:36","modified_gmt":"2026-04-08T09:43:36","slug":"ljepilo-dvokomponentno-za-plastiku-25ml","status":"publish","type":"product","link":"https:\/\/autostil.ba\/maloprodaja\/proizvod\/5076\/ljepilo-dvokomponentno-za-plastiku-25ml\/","title":{"rendered":"LJEPILO DVOKOMPONENTNO ZA PLASTIKU 25ml"},"content":{"rendered":"","protected":false},"excerpt":{"rendered":"<p>Dvokoponentno ljepilo za plastiku je brz sistem namijenjen za popravak puknute ili sje\u010dene plastike i ostalih materijala. Izra\u0111uje fleksibilne spojeve visoke otpornosti na toplinu do 120 \u00b0 C.<br \/>\nPo\u010detna faza kada proizvod djeluje je oko 10 minuta, zavisno od temperatue okoline. Nakon jednog sata proizvod se o\u010dvrsne u 80%. Potpuno vrijeme stvrdnjavanja posti\u017ee se nakon 24 sata. Brzo stvrdnjava,proizvodi fleksibilnu vezu,tvori trajan spoj velike ve\u0107ine plastike.<\/p>\n","protected":false},"featured_media":793045235,"comment_status":"open","ping_status":"closed","template":"","meta":{"_acf_changed":false,"inline_featured_image":false},"product_brand":[],"product_cat":[135],"product_tag":[],"class_list":{"0":"post-115902","1":"product","2":"type-product","3":"status-publish","4":"has-post-thumbnail","6":"product_cat-ljepila","8":"first","9":"instock","10":"taxable","11":"shipping-taxable","12":"purchasable","13":"product-type-simple"},"acf":[],"custom_product_id":"5076","_links":{"self":[{"href":"https:\/\/autostil.ba\/maloprodaja\/wp-json\/wp\/v2\/product\/115902","targetHints":{"allow":["GET"]}}],"collection":[{"href":"https:\/\/autostil.ba\/maloprodaja\/wp-json\/wp\/v2\/product"}],"about":[{"href":"https:\/\/autostil.ba\/maloprodaja\/wp-json\/wp\/v2\/types\/product"}],"replies":[{"embeddable":true,"href":"https:\/\/autostil.ba\/maloprodaja\/wp-json\/wp\/v2\/comments?post=115902"}],"version-history":[{"count":2,"href":"https:\/\/autostil.ba\/maloprodaja\/wp-json\/wp\/v2\/product\/115902\/revisions"}],"predecessor-version":[{"id":793045236,"href":"https:\/\/autostil.ba\/maloprodaja\/wp-json\/wp\/v2\/product\/115902\/revisions\/793045236"}],"wp:featuredmedia":[{"embeddable":true,"href":"https:\/\/autostil.ba\/maloprodaja\/wp-json\/wp\/v2\/media\/793045235"}],"wp:attachment":[{"href":"https:\/\/autostil.ba\/maloprodaja\/wp-json\/wp\/v2\/media?parent=115902"}],"wp:term":[{"taxonomy":"product_brand","embeddable":true,"href":"https:\/\/autostil.ba\/maloprodaja\/wp-json\/wp\/v2\/product_brand?post=115902"},{"taxonomy":"product_cat","embeddable":true,"href":"https:\/\/autostil.ba\/maloprodaja\/wp-json\/wp\/v2\/product_cat?post=115902"},{"taxonomy":"product_tag","embeddable":true,"href":"https:\/\/autostil.ba\/maloprodaja\/wp-json\/wp\/v2\/product_tag?post=115902"}],"curies":[{"name":"wp","href":"https:\/\/api.w.org\/{rel}","templated":true}]}}