{"id":115882,"date":"2025-07-22T10:05:38","date_gmt":"2025-07-22T08:05:38","guid":{"rendered":"https:\/\/autostil.ba\/maloprodaja\/?post_type=product&#038;p=115882"},"modified":"2026-04-08T11:43:36","modified_gmt":"2026-04-08T09:43:36","slug":"sredstvo-za-ciscenje-i-odmascivanje-univerzalno-1l","status":"publish","type":"product","link":"https:\/\/autostil.ba\/maloprodaja\/proizvod\/11190\/sredstvo-za-ciscenje-i-odmascivanje-univerzalno-1l\/","title":{"rendered":"SREDSTVO ZA \u010cI\u0160\u0106ENJE I ODMA\u0160\u0106IVANJE UNIVERZALNO 1L"},"content":{"rendered":"","protected":false},"excerpt":{"rendered":"<p>Visoko u\u010dinkovito, biorazgradivo sredstvo za \u010di\u0161\u0107enje na bazi deterd\u017eenta za razne vrste plastike, keramike, obojenih povr\u0161ina i tkanina.<br \/>\nOstavlja povr\u0161inu \u010distom i mirisnom.<br \/>\nUniverzalno sredstvo za uklanjanje prljav\u0161tine<br \/>\nu gara\u017ei, radionici i drugim prostorijama.<br \/>\nOdma\u0161\u0107uje i pere alate, ba\u0161tensku opremu,<br \/>\nauto dijelove i elementi od<br \/>\nplastike i plastike. Ne sadr\u017eavata<br \/>\nnaftne rastvara\u010de.<br \/>\nOdma\u0161\u0107uje i uklanja razne ne\u010disto\u0107e<br \/>\nza aluminij, \u010delik, staklo, plastiku.<\/p>\n","protected":false},"featured_media":115883,"comment_status":"open","ping_status":"closed","template":"","meta":{"_acf_changed":false,"inline_featured_image":false},"product_brand":[],"product_cat":[70],"product_tag":[],"class_list":{"0":"post-115882","1":"product","2":"type-product","3":"status-publish","4":"has-post-thumbnail","6":"product_cat-hemijska-sredstva-za-auto-servise","8":"first","9":"instock","10":"taxable","11":"shipping-taxable","12":"purchasable","13":"product-type-simple"},"acf":[],"custom_product_id":"11190","_links":{"self":[{"href":"https:\/\/autostil.ba\/maloprodaja\/wp-json\/wp\/v2\/product\/115882","targetHints":{"allow":["GET"]}}],"collection":[{"href":"https:\/\/autostil.ba\/maloprodaja\/wp-json\/wp\/v2\/product"}],"about":[{"href":"https:\/\/autostil.ba\/maloprodaja\/wp-json\/wp\/v2\/types\/product"}],"replies":[{"embeddable":true,"href":"https:\/\/autostil.ba\/maloprodaja\/wp-json\/wp\/v2\/comments?post=115882"}],"version-history":[{"count":2,"href":"https:\/\/autostil.ba\/maloprodaja\/wp-json\/wp\/v2\/product\/115882\/revisions"}],"predecessor-version":[{"id":793052689,"href":"https:\/\/autostil.ba\/maloprodaja\/wp-json\/wp\/v2\/product\/115882\/revisions\/793052689"}],"wp:featuredmedia":[{"embeddable":true,"href":"https:\/\/autostil.ba\/maloprodaja\/wp-json\/wp\/v2\/media\/115883"}],"wp:attachment":[{"href":"https:\/\/autostil.ba\/maloprodaja\/wp-json\/wp\/v2\/media?parent=115882"}],"wp:term":[{"taxonomy":"product_brand","embeddable":true,"href":"https:\/\/autostil.ba\/maloprodaja\/wp-json\/wp\/v2\/product_brand?post=115882"},{"taxonomy":"product_cat","embeddable":true,"href":"https:\/\/autostil.ba\/maloprodaja\/wp-json\/wp\/v2\/product_cat?post=115882"},{"taxonomy":"product_tag","embeddable":true,"href":"https:\/\/autostil.ba\/maloprodaja\/wp-json\/wp\/v2\/product_tag?post=115882"}],"curies":[{"name":"wp","href":"https:\/\/api.w.org\/{rel}","templated":true}]}}