{"id":115872,"date":"2024-07-18T08:12:38","date_gmt":"2024-07-18T06:12:38","guid":{"rendered":"https:\/\/autostil.ba\/maloprodaja\/?post_type=product&#038;p=115872"},"modified":"2026-04-08T11:43:36","modified_gmt":"2026-04-08T09:43:36","slug":"sredstvo-za-ciscenje-odmascivanje-motora-i-aluminijumskih-povrsina-1l","status":"publish","type":"product","link":"https:\/\/autostil.ba\/maloprodaja\/proizvod\/11191\/sredstvo-za-ciscenje-odmascivanje-motora-i-aluminijumskih-povrsina-1l\/","title":{"rendered":"SREDSTVO ZA \u010cI\u0160\u0106ENJE (odma\u0161\u0107ivanje) MOTORA I ALUMINIJUMSKIH POVR\u0160INA 1L"},"content":{"rendered":"","protected":false},"excerpt":{"rendered":"<p>Univerzalni MA Professional 1L aluminijski \u010dista\u010d motora iz Amtre. Efikasno uklanja te\u0161ku prljav\u0161tinu sa mehani\u010dkih komponenti u motornom prostoru. Bezbedan za aluminijum, gumu i farbane elemente. Ovaj visokokvalitetni proizvod je stru\u010dno proizveden prate\u0107i stroge industrijske standarde kako bi ponudio fuziju uravnote\u017eenog dizajna i visoke izrade. Proizveden od vode\u0107ih materijala u industriji kori\u0161tenjem najsavremenije opreme, osigurava bezvremensku pouzdanost i trajnu vrijednost. Ovaj proizvod ima potpunu garanciju kvaliteta, bez premca ni sa jednim drugim.<\/p>\n","protected":false},"featured_media":115873,"comment_status":"open","ping_status":"closed","template":"","meta":{"_acf_changed":false,"inline_featured_image":false},"product_brand":[],"product_cat":[70],"product_tag":[],"class_list":{"0":"post-115872","1":"product","2":"type-product","3":"status-publish","4":"has-post-thumbnail","6":"product_cat-hemijska-sredstva-za-auto-servise","8":"first","9":"instock","10":"taxable","11":"shipping-taxable","12":"purchasable","13":"product-type-simple"},"acf":[],"custom_product_id":"11191","_links":{"self":[{"href":"https:\/\/autostil.ba\/maloprodaja\/wp-json\/wp\/v2\/product\/115872","targetHints":{"allow":["GET"]}}],"collection":[{"href":"https:\/\/autostil.ba\/maloprodaja\/wp-json\/wp\/v2\/product"}],"about":[{"href":"https:\/\/autostil.ba\/maloprodaja\/wp-json\/wp\/v2\/types\/product"}],"replies":[{"embeddable":true,"href":"https:\/\/autostil.ba\/maloprodaja\/wp-json\/wp\/v2\/comments?post=115872"}],"version-history":[{"count":1,"href":"https:\/\/autostil.ba\/maloprodaja\/wp-json\/wp\/v2\/product\/115872\/revisions"}],"predecessor-version":[{"id":115874,"href":"https:\/\/autostil.ba\/maloprodaja\/wp-json\/wp\/v2\/product\/115872\/revisions\/115874"}],"wp:featuredmedia":[{"embeddable":true,"href":"https:\/\/autostil.ba\/maloprodaja\/wp-json\/wp\/v2\/media\/115873"}],"wp:attachment":[{"href":"https:\/\/autostil.ba\/maloprodaja\/wp-json\/wp\/v2\/media?parent=115872"}],"wp:term":[{"taxonomy":"product_brand","embeddable":true,"href":"https:\/\/autostil.ba\/maloprodaja\/wp-json\/wp\/v2\/product_brand?post=115872"},{"taxonomy":"product_cat","embeddable":true,"href":"https:\/\/autostil.ba\/maloprodaja\/wp-json\/wp\/v2\/product_cat?post=115872"},{"taxonomy":"product_tag","embeddable":true,"href":"https:\/\/autostil.ba\/maloprodaja\/wp-json\/wp\/v2\/product_tag?post=115872"}],"curies":[{"name":"wp","href":"https:\/\/api.w.org\/{rel}","templated":true}]}}