{"id":115862,"date":"2024-07-18T08:12:37","date_gmt":"2024-07-18T06:12:37","guid":{"rendered":"https:\/\/autostil.ba\/maloprodaja\/?post_type=product&#038;p=115862"},"modified":"2026-04-28T19:58:05","modified_gmt":"2026-04-28T17:58:05","slug":"tecnost-za-dubinsko-ciscenje-tekstilnih-povrsina-strong-5l","status":"publish","type":"product","link":"https:\/\/autostil.ba\/maloprodaja\/proizvod\/7844\/tecnost-za-dubinsko-ciscenje-tekstilnih-povrsina-strong-5l\/","title":{"rendered":"TE\u010cNOST ZA DUBINSKO \u010cI\u0160\u0106ENJE TEKSTILNIH POVR\u0160INA STRONG 5L"},"content":{"rendered":"","protected":false},"excerpt":{"rendered":"<p>TE\u010cNOST ZA DUBINSKO \u010cI\u0160\u0106ENJE TEKSTILNIH POVR\u0160INA STRONG 5L Visoko koncentrovana formula za uklanjanje prljav\u0161tine sa presvlaka i drugih vrsta materijala.<br \/>\nSna\u017ean preparat koji uklanja \u010dak i uro\u0111enu ne\u010distoc\u0301u. Komponente poma\u017eu u odr\u017eavanju povr\u0161ine \u010distom za du\u017eu i dublju boju istovremeno.<br \/>\nFormula se lako rastvara \u010dak i u hladnoj vodi.<\/p>\n","protected":false},"featured_media":115863,"comment_status":"open","ping_status":"closed","template":"","meta":{"_acf_changed":false,"inline_featured_image":false},"product_brand":[],"product_cat":[73],"product_tag":[],"class_list":{"0":"post-115862","1":"product","2":"type-product","3":"status-publish","4":"has-post-thumbnail","6":"product_cat-sredstva-za-pranje-i-odrzavanje","8":"first","9":"instock","10":"taxable","11":"shipping-taxable","12":"purchasable","13":"product-type-simple"},"acf":[],"custom_product_id":"7844","_links":{"self":[{"href":"https:\/\/autostil.ba\/maloprodaja\/wp-json\/wp\/v2\/product\/115862","targetHints":{"allow":["GET"]}}],"collection":[{"href":"https:\/\/autostil.ba\/maloprodaja\/wp-json\/wp\/v2\/product"}],"about":[{"href":"https:\/\/autostil.ba\/maloprodaja\/wp-json\/wp\/v2\/types\/product"}],"replies":[{"embeddable":true,"href":"https:\/\/autostil.ba\/maloprodaja\/wp-json\/wp\/v2\/comments?post=115862"}],"version-history":[{"count":1,"href":"https:\/\/autostil.ba\/maloprodaja\/wp-json\/wp\/v2\/product\/115862\/revisions"}],"predecessor-version":[{"id":115864,"href":"https:\/\/autostil.ba\/maloprodaja\/wp-json\/wp\/v2\/product\/115862\/revisions\/115864"}],"wp:featuredmedia":[{"embeddable":true,"href":"https:\/\/autostil.ba\/maloprodaja\/wp-json\/wp\/v2\/media\/115863"}],"wp:attachment":[{"href":"https:\/\/autostil.ba\/maloprodaja\/wp-json\/wp\/v2\/media?parent=115862"}],"wp:term":[{"taxonomy":"product_brand","embeddable":true,"href":"https:\/\/autostil.ba\/maloprodaja\/wp-json\/wp\/v2\/product_brand?post=115862"},{"taxonomy":"product_cat","embeddable":true,"href":"https:\/\/autostil.ba\/maloprodaja\/wp-json\/wp\/v2\/product_cat?post=115862"},{"taxonomy":"product_tag","embeddable":true,"href":"https:\/\/autostil.ba\/maloprodaja\/wp-json\/wp\/v2\/product_tag?post=115862"}],"curies":[{"name":"wp","href":"https:\/\/api.w.org\/{rel}","templated":true}]}}