{"id":115832,"date":"2025-10-11T10:35:36","date_gmt":"2025-10-11T08:35:36","guid":{"rendered":"https:\/\/autostil.ba\/maloprodaja\/?post_type=product&#038;p=115832"},"modified":"2026-04-08T11:43:36","modified_gmt":"2026-04-08T09:43:36","slug":"losion-za-instrument-tablu-sa-voskom-1l","status":"publish","type":"product","link":"https:\/\/autostil.ba\/maloprodaja\/proizvod\/7532\/losion-za-instrument-tablu-sa-voskom-1l\/","title":{"rendered":"LOSION ZA INSTRUMENT TABLU SA VOSKOM 1L"},"content":{"rendered":"","protected":false},"excerpt":{"rendered":"<p>Kokpit vosak je preparat za kokpit i druge vrste povr\u0161ina od plastike koje se nalaze unutar i van automobila. Sadr\u017ei silikonsku emulziju i polimere koji povr\u0161inu ostavljaju sjajnom, stvara sloj koji \u0161titi od UV zra\u010denja i ima antistati\u010dka svojstva. Sprje\u010dava promjene boje i ne ostavlja masne povr\u0161ine. Na\u010din upotrebe: Nanesite direktno na povr\u0161inu koju treba o\u010distiti i namo\u010dite mekom krpom ili je nanesite na krpu i ravnomjerno rasporedite. Rastvoren u proporciji 1: 1-3, stvara mat fini\u0161.<\/p>\n","protected":false},"featured_media":115833,"comment_status":"open","ping_status":"closed","template":"","meta":{"_acf_changed":false,"inline_featured_image":false},"product_brand":[],"product_cat":[164],"product_tag":[],"class_list":{"0":"post-115832","1":"product","2":"type-product","3":"status-publish","4":"has-post-thumbnail","6":"product_cat-car-detailing","8":"first","9":"instock","10":"taxable","11":"shipping-taxable","12":"purchasable","13":"product-type-simple"},"acf":[],"custom_product_id":"7532","_links":{"self":[{"href":"https:\/\/autostil.ba\/maloprodaja\/wp-json\/wp\/v2\/product\/115832","targetHints":{"allow":["GET"]}}],"collection":[{"href":"https:\/\/autostil.ba\/maloprodaja\/wp-json\/wp\/v2\/product"}],"about":[{"href":"https:\/\/autostil.ba\/maloprodaja\/wp-json\/wp\/v2\/types\/product"}],"replies":[{"embeddable":true,"href":"https:\/\/autostil.ba\/maloprodaja\/wp-json\/wp\/v2\/comments?post=115832"}],"version-history":[{"count":1,"href":"https:\/\/autostil.ba\/maloprodaja\/wp-json\/wp\/v2\/product\/115832\/revisions"}],"predecessor-version":[{"id":115834,"href":"https:\/\/autostil.ba\/maloprodaja\/wp-json\/wp\/v2\/product\/115832\/revisions\/115834"}],"wp:featuredmedia":[{"embeddable":true,"href":"https:\/\/autostil.ba\/maloprodaja\/wp-json\/wp\/v2\/media\/115833"}],"wp:attachment":[{"href":"https:\/\/autostil.ba\/maloprodaja\/wp-json\/wp\/v2\/media?parent=115832"}],"wp:term":[{"taxonomy":"product_brand","embeddable":true,"href":"https:\/\/autostil.ba\/maloprodaja\/wp-json\/wp\/v2\/product_brand?post=115832"},{"taxonomy":"product_cat","embeddable":true,"href":"https:\/\/autostil.ba\/maloprodaja\/wp-json\/wp\/v2\/product_cat?post=115832"},{"taxonomy":"product_tag","embeddable":true,"href":"https:\/\/autostil.ba\/maloprodaja\/wp-json\/wp\/v2\/product_tag?post=115832"}],"curies":[{"name":"wp","href":"https:\/\/api.w.org\/{rel}","templated":true}]}}