{"id":115822,"date":"2024-12-03T09:13:36","date_gmt":"2024-12-03T07:13:36","guid":{"rendered":"https:\/\/autostil.ba\/maloprodaja\/?post_type=product&#038;p=115822"},"modified":"2026-04-23T13:59:46","modified_gmt":"2026-04-23T11:59:46","slug":"pasta-za-pranje-ruku-amtra-500g","status":"publish","type":"product","link":"https:\/\/autostil.ba\/maloprodaja\/proizvod\/7165\/pasta-za-pranje-ruku-amtra-500g\/","title":{"rendered":"PASTA ZA PRANJE RUKU AMTRA 600g"},"content":{"rendered":"","protected":false},"excerpt":{"rendered":"<p>Profesionalna pasta za \u010di\u0161\u0107enje od jakih ne\u010disto\u0107a. Uklanja mast, ulje, \u010da\u0111, katran. Ruke ostavlja \u010diste i ugodne. To je spoj sigurnih, nje\u017enih, a opet efikasnih sredstava za \u010di\u0161\u0107enje. Dermatolo\u0161ki testirano. Narand\u017easti miris. Koristite na prljavim i suvim rukama.<\/p>\n","protected":false},"featured_media":793056705,"comment_status":"open","ping_status":"closed","template":"","meta":{"_acf_changed":false,"inline_featured_image":false},"product_brand":[],"product_cat":[73],"product_tag":[],"class_list":{"0":"post-115822","1":"product","2":"type-product","3":"status-publish","4":"has-post-thumbnail","6":"product_cat-sredstva-za-pranje-i-odrzavanje","8":"first","9":"instock","10":"taxable","11":"shipping-taxable","12":"purchasable","13":"product-type-simple"},"acf":[],"custom_product_id":"7165","_links":{"self":[{"href":"https:\/\/autostil.ba\/maloprodaja\/wp-json\/wp\/v2\/product\/115822","targetHints":{"allow":["GET"]}}],"collection":[{"href":"https:\/\/autostil.ba\/maloprodaja\/wp-json\/wp\/v2\/product"}],"about":[{"href":"https:\/\/autostil.ba\/maloprodaja\/wp-json\/wp\/v2\/types\/product"}],"replies":[{"embeddable":true,"href":"https:\/\/autostil.ba\/maloprodaja\/wp-json\/wp\/v2\/comments?post=115822"}],"version-history":[{"count":2,"href":"https:\/\/autostil.ba\/maloprodaja\/wp-json\/wp\/v2\/product\/115822\/revisions"}],"predecessor-version":[{"id":793056707,"href":"https:\/\/autostil.ba\/maloprodaja\/wp-json\/wp\/v2\/product\/115822\/revisions\/793056707"}],"wp:featuredmedia":[{"embeddable":true,"href":"https:\/\/autostil.ba\/maloprodaja\/wp-json\/wp\/v2\/media\/793056705"}],"wp:attachment":[{"href":"https:\/\/autostil.ba\/maloprodaja\/wp-json\/wp\/v2\/media?parent=115822"}],"wp:term":[{"taxonomy":"product_brand","embeddable":true,"href":"https:\/\/autostil.ba\/maloprodaja\/wp-json\/wp\/v2\/product_brand?post=115822"},{"taxonomy":"product_cat","embeddable":true,"href":"https:\/\/autostil.ba\/maloprodaja\/wp-json\/wp\/v2\/product_cat?post=115822"},{"taxonomy":"product_tag","embeddable":true,"href":"https:\/\/autostil.ba\/maloprodaja\/wp-json\/wp\/v2\/product_tag?post=115822"}],"curies":[{"name":"wp","href":"https:\/\/api.w.org\/{rel}","templated":true}]}}