{"id":115812,"date":"2024-12-03T09:29:36","date_gmt":"2024-12-03T07:29:36","guid":{"rendered":"https:\/\/autostil.ba\/maloprodaja\/?post_type=product&#038;p=115812"},"modified":"2026-04-08T11:43:36","modified_gmt":"2026-04-08T09:43:36","slug":"losion-za-njegu-guma-750ml-amtra","status":"publish","type":"product","link":"https:\/\/autostil.ba\/maloprodaja\/proizvod\/4090\/losion-za-njegu-guma-750ml-amtra\/","title":{"rendered":"LOSION ZA NJEGU GUMA 750ML AMTRA"},"content":{"rendered":"","protected":false},"excerpt":{"rendered":"<p>LOSION ZA NJEGU GUMA 750ml AMTRA<br \/>\nLosion za njegu i odr\u017eavanje guma.Vra\u0107a duboku boju va\u0161im gumama, stvaraju\u0107i osjetljiv sjaj. Zahvaljuju\u0107i sadr\u017eaju silikonske emulzije, rastvor garantuje dugoro\u010dnu za\u0161titu od matiranja, boje ili pucanja. Zahvaljuju\u0107i antistati\u010dkim svojstvima, povr\u0161inski sjaj dugo ostaje \u010dist. Vrlo jednostavan za upotrebu. Proizvod koristite na do 40 guma.<\/p>\n<p>KAKO KORISTITI<br \/>\nOperite i osu\u0161ite gumu.<br \/>\nNanesite rastvor na ivicu gume, obilaze\u0107i gaze\u0107i sloj.<br \/>\nSa\u010dekajte 10 minuta, obri\u0161ite krpom ili krpom od mikrofibre.<\/p>\n","protected":false},"featured_media":793045175,"comment_status":"open","ping_status":"closed","template":"","meta":{"_acf_changed":false,"inline_featured_image":false},"product_brand":[],"product_cat":[73],"product_tag":[],"class_list":{"0":"post-115812","1":"product","2":"type-product","3":"status-publish","4":"has-post-thumbnail","6":"product_cat-sredstva-za-pranje-i-odrzavanje","8":"first","9":"instock","10":"taxable","11":"shipping-taxable","12":"purchasable","13":"product-type-simple"},"acf":[],"custom_product_id":"4090","_links":{"self":[{"href":"https:\/\/autostil.ba\/maloprodaja\/wp-json\/wp\/v2\/product\/115812","targetHints":{"allow":["GET"]}}],"collection":[{"href":"https:\/\/autostil.ba\/maloprodaja\/wp-json\/wp\/v2\/product"}],"about":[{"href":"https:\/\/autostil.ba\/maloprodaja\/wp-json\/wp\/v2\/types\/product"}],"replies":[{"embeddable":true,"href":"https:\/\/autostil.ba\/maloprodaja\/wp-json\/wp\/v2\/comments?post=115812"}],"version-history":[{"count":1,"href":"https:\/\/autostil.ba\/maloprodaja\/wp-json\/wp\/v2\/product\/115812\/revisions"}],"predecessor-version":[{"id":115814,"href":"https:\/\/autostil.ba\/maloprodaja\/wp-json\/wp\/v2\/product\/115812\/revisions\/115814"}],"wp:featuredmedia":[{"embeddable":true,"href":"https:\/\/autostil.ba\/maloprodaja\/wp-json\/wp\/v2\/media\/793045175"}],"wp:attachment":[{"href":"https:\/\/autostil.ba\/maloprodaja\/wp-json\/wp\/v2\/media?parent=115812"}],"wp:term":[{"taxonomy":"product_brand","embeddable":true,"href":"https:\/\/autostil.ba\/maloprodaja\/wp-json\/wp\/v2\/product_brand?post=115812"},{"taxonomy":"product_cat","embeddable":true,"href":"https:\/\/autostil.ba\/maloprodaja\/wp-json\/wp\/v2\/product_cat?post=115812"},{"taxonomy":"product_tag","embeddable":true,"href":"https:\/\/autostil.ba\/maloprodaja\/wp-json\/wp\/v2\/product_tag?post=115812"}],"curies":[{"name":"wp","href":"https:\/\/api.w.org\/{rel}","templated":true}]}}