{"id":115792,"date":"2025-07-22T10:14:35","date_gmt":"2025-07-22T08:14:35","guid":{"rendered":"https:\/\/autostil.ba\/maloprodaja\/?post_type=product&#038;p=115792"},"modified":"2026-04-08T11:43:30","modified_gmt":"2026-04-08T09:43:30","slug":"sredstvo-za-ciscenje-koze-clinex-expert-1l","status":"publish","type":"product","link":"https:\/\/autostil.ba\/maloprodaja\/proizvod\/11012\/sredstvo-za-ciscenje-koze-clinex-expert-1l\/","title":{"rendered":"SREDSTVO ZA \u010cI\u0160\u0106ENJE KO\u017dE CLINEX EXPERT 1L"},"content":{"rendered":"","protected":false},"excerpt":{"rendered":"<p>Proizvod za \u010di\u0161\u0107enje ko\u017enih povr\u0161ina. Proizvod za \u010di\u0161\u0107enje i odma\u0161\u0107ivanje ko\u017ee. Bezbedan za povr\u0161inu, efikasno uklanja prljav\u0161tinu sa mikro-pukotina i ne isu\u0161uje ko\u017eu. \u0160titi povr\u0161inu za nano\u0161enje proizvoda za njegu.&#8221; Primjena: \u010ci\u0161\u0107enje ko\u017enih povr\u0161ina od prirodne i eko ko\u017ee. Nanesite proizvod na mekani ru\u010dnik od mikrovlakana i obri\u0161ite dok se ne osu\u0161i. Nakon upotrebe proizvoda obri\u0161ite povr\u0161inu vla\u017enim ru\u010dnikom. Preporu\u010dena upotreba sa regeneratorom za ko\u017eu<\/p>\n","protected":false},"featured_media":115793,"comment_status":"open","ping_status":"closed","template":"","meta":{"_acf_changed":false,"inline_featured_image":false},"product_brand":[],"product_cat":[164],"product_tag":[],"class_list":{"0":"post-115792","1":"product","2":"type-product","3":"status-publish","4":"has-post-thumbnail","6":"product_cat-car-detailing","8":"first","9":"instock","10":"taxable","11":"shipping-taxable","12":"purchasable","13":"product-type-simple"},"acf":[],"custom_product_id":"11012","_links":{"self":[{"href":"https:\/\/autostil.ba\/maloprodaja\/wp-json\/wp\/v2\/product\/115792","targetHints":{"allow":["GET"]}}],"collection":[{"href":"https:\/\/autostil.ba\/maloprodaja\/wp-json\/wp\/v2\/product"}],"about":[{"href":"https:\/\/autostil.ba\/maloprodaja\/wp-json\/wp\/v2\/types\/product"}],"replies":[{"embeddable":true,"href":"https:\/\/autostil.ba\/maloprodaja\/wp-json\/wp\/v2\/comments?post=115792"}],"version-history":[{"count":1,"href":"https:\/\/autostil.ba\/maloprodaja\/wp-json\/wp\/v2\/product\/115792\/revisions"}],"predecessor-version":[{"id":115794,"href":"https:\/\/autostil.ba\/maloprodaja\/wp-json\/wp\/v2\/product\/115792\/revisions\/115794"}],"wp:featuredmedia":[{"embeddable":true,"href":"https:\/\/autostil.ba\/maloprodaja\/wp-json\/wp\/v2\/media\/115793"}],"wp:attachment":[{"href":"https:\/\/autostil.ba\/maloprodaja\/wp-json\/wp\/v2\/media?parent=115792"}],"wp:term":[{"taxonomy":"product_brand","embeddable":true,"href":"https:\/\/autostil.ba\/maloprodaja\/wp-json\/wp\/v2\/product_brand?post=115792"},{"taxonomy":"product_cat","embeddable":true,"href":"https:\/\/autostil.ba\/maloprodaja\/wp-json\/wp\/v2\/product_cat?post=115792"},{"taxonomy":"product_tag","embeddable":true,"href":"https:\/\/autostil.ba\/maloprodaja\/wp-json\/wp\/v2\/product_tag?post=115792"}],"curies":[{"name":"wp","href":"https:\/\/api.w.org\/{rel}","templated":true}]}}