{"id":115782,"date":"2025-10-11T10:37:34","date_gmt":"2025-10-11T08:37:34","guid":{"rendered":"https:\/\/autostil.ba\/maloprodaja\/?post_type=product&#038;p=115782"},"modified":"2026-04-08T11:43:30","modified_gmt":"2026-04-08T09:43:30","slug":"mast-za-podmazivanje-sarki-na-vratima-200ml","status":"publish","type":"product","link":"https:\/\/autostil.ba\/maloprodaja\/proizvod\/7529\/mast-za-podmazivanje-sarki-na-vratima-200ml\/","title":{"rendered":"MAST ZA PODMAZIVANJE \u0160ARKI NA VRATIMA 200ml"},"content":{"rendered":"","protected":false},"excerpt":{"rendered":"<p>MAST ZA PODMAZIVANJE \u0160ARKI NA VRATIMA 200ml Te\u010dna, visoko prodiraju\u0107a mast. Nakon postavljanja pretvara se u pastu koja je otporna na ispiranje i na temperature. Osigurava pravilno podmazivanje pokretnih dijelova, poput \u0161arki, sjedala i drugih te\u0161ko dostupnih elemenata. Kada otapala ispare, mast postaje malo prozirna.<\/p>\n","protected":false},"featured_media":115783,"comment_status":"open","ping_status":"closed","template":"","meta":{"_acf_changed":false,"inline_featured_image":false},"product_brand":[],"product_cat":[70],"product_tag":[],"class_list":{"0":"post-115782","1":"product","2":"type-product","3":"status-publish","4":"has-post-thumbnail","6":"product_cat-hemijska-sredstva-za-auto-servise","8":"first","9":"instock","10":"taxable","11":"shipping-taxable","12":"purchasable","13":"product-type-simple"},"acf":[],"custom_product_id":"7529","_links":{"self":[{"href":"https:\/\/autostil.ba\/maloprodaja\/wp-json\/wp\/v2\/product\/115782","targetHints":{"allow":["GET"]}}],"collection":[{"href":"https:\/\/autostil.ba\/maloprodaja\/wp-json\/wp\/v2\/product"}],"about":[{"href":"https:\/\/autostil.ba\/maloprodaja\/wp-json\/wp\/v2\/types\/product"}],"replies":[{"embeddable":true,"href":"https:\/\/autostil.ba\/maloprodaja\/wp-json\/wp\/v2\/comments?post=115782"}],"version-history":[{"count":1,"href":"https:\/\/autostil.ba\/maloprodaja\/wp-json\/wp\/v2\/product\/115782\/revisions"}],"predecessor-version":[{"id":115784,"href":"https:\/\/autostil.ba\/maloprodaja\/wp-json\/wp\/v2\/product\/115782\/revisions\/115784"}],"wp:featuredmedia":[{"embeddable":true,"href":"https:\/\/autostil.ba\/maloprodaja\/wp-json\/wp\/v2\/media\/115783"}],"wp:attachment":[{"href":"https:\/\/autostil.ba\/maloprodaja\/wp-json\/wp\/v2\/media?parent=115782"}],"wp:term":[{"taxonomy":"product_brand","embeddable":true,"href":"https:\/\/autostil.ba\/maloprodaja\/wp-json\/wp\/v2\/product_brand?post=115782"},{"taxonomy":"product_cat","embeddable":true,"href":"https:\/\/autostil.ba\/maloprodaja\/wp-json\/wp\/v2\/product_cat?post=115782"},{"taxonomy":"product_tag","embeddable":true,"href":"https:\/\/autostil.ba\/maloprodaja\/wp-json\/wp\/v2\/product_tag?post=115782"}],"curies":[{"name":"wp","href":"https:\/\/api.w.org\/{rel}","templated":true}]}}