{"id":115772,"date":"2024-07-18T08:12:34","date_gmt":"2024-07-18T06:12:34","guid":{"rendered":"https:\/\/autostil.ba\/maloprodaja\/?post_type=product&#038;p=115772"},"modified":"2026-04-08T11:43:30","modified_gmt":"2026-04-08T09:43:30","slug":"tecnost-za-ciscenje-i-odrzavanje-koze-1l","status":"publish","type":"product","link":"https:\/\/autostil.ba\/maloprodaja\/proizvod\/7533\/tecnost-za-ciscenje-i-odrzavanje-koze-1l\/","title":{"rendered":"TE\u010cNOST ZA \u010cI\u0160\u0106ENJE I ODR\u017dAVANJE KO\u017dE 1L"},"content":{"rendered":"","protected":false},"excerpt":{"rendered":"<p>TE\u010cNOST ZA \u010cI\u0160\u0106ENJE I ODR\u017dAVANJE KO\u017dE 1L Formula za odr\u017eavanje ko\u017enih povr\u0161ina, sadr\u017ei ulje avokada koji pru\u017ea dugoro\u010dnu za\u0161titu za ko\u017eu u automobilu, vra\u0107a fleksibilnost ko\u017ee i smanjuje efekte starenja,  produ\u017eava \u017eivotni ciklus ko\u017enih proizvoda.<\/p>\n","protected":false},"featured_media":115773,"comment_status":"open","ping_status":"closed","template":"","meta":{"_acf_changed":false,"inline_featured_image":false},"product_brand":[],"product_cat":[164],"product_tag":[],"class_list":{"0":"post-115772","1":"product","2":"type-product","3":"status-publish","4":"has-post-thumbnail","6":"product_cat-car-detailing","8":"first","9":"instock","10":"taxable","11":"shipping-taxable","12":"purchasable","13":"product-type-simple"},"acf":[],"custom_product_id":"7533","_links":{"self":[{"href":"https:\/\/autostil.ba\/maloprodaja\/wp-json\/wp\/v2\/product\/115772","targetHints":{"allow":["GET"]}}],"collection":[{"href":"https:\/\/autostil.ba\/maloprodaja\/wp-json\/wp\/v2\/product"}],"about":[{"href":"https:\/\/autostil.ba\/maloprodaja\/wp-json\/wp\/v2\/types\/product"}],"replies":[{"embeddable":true,"href":"https:\/\/autostil.ba\/maloprodaja\/wp-json\/wp\/v2\/comments?post=115772"}],"version-history":[{"count":1,"href":"https:\/\/autostil.ba\/maloprodaja\/wp-json\/wp\/v2\/product\/115772\/revisions"}],"predecessor-version":[{"id":115774,"href":"https:\/\/autostil.ba\/maloprodaja\/wp-json\/wp\/v2\/product\/115772\/revisions\/115774"}],"wp:featuredmedia":[{"embeddable":true,"href":"https:\/\/autostil.ba\/maloprodaja\/wp-json\/wp\/v2\/media\/115773"}],"wp:attachment":[{"href":"https:\/\/autostil.ba\/maloprodaja\/wp-json\/wp\/v2\/media?parent=115772"}],"wp:term":[{"taxonomy":"product_brand","embeddable":true,"href":"https:\/\/autostil.ba\/maloprodaja\/wp-json\/wp\/v2\/product_brand?post=115772"},{"taxonomy":"product_cat","embeddable":true,"href":"https:\/\/autostil.ba\/maloprodaja\/wp-json\/wp\/v2\/product_cat?post=115772"},{"taxonomy":"product_tag","embeddable":true,"href":"https:\/\/autostil.ba\/maloprodaja\/wp-json\/wp\/v2\/product_tag?post=115772"}],"curies":[{"name":"wp","href":"https:\/\/api.w.org\/{rel}","templated":true}]}}