{"id":115762,"date":"2025-12-02T13:05:33","date_gmt":"2025-12-02T11:05:33","guid":{"rendered":"https:\/\/autostil.ba\/maloprodaja\/?post_type=product&#038;p=115762"},"modified":"2026-04-08T11:43:30","modified_gmt":"2026-04-08T09:43:30","slug":"vosak-za-auto-5l-polimerni","status":"publish","type":"product","link":"https:\/\/autostil.ba\/maloprodaja\/proizvod\/7851\/vosak-za-auto-5l-polimerni\/","title":{"rendered":"VOSAK ZA AUTO 5L POLIMERNI"},"content":{"rendered":"","protected":false},"excerpt":{"rendered":"<p>VOSAK ZA AUTO 5L POLIMERNI Kationski, polimerni vosak pru\u017ea svim farbama automobila dugotrajan hidrofobni efekat, visok sjaj i za\u0161titu. Zahvaljuju\u0107i modernoj tehnologiji sastojaka, proizvod ima vrlo dobra svojstva omek\u0161avanja vode koja ubrzavaju njegovo djelovanje. Proizvod brzo pove\u0107ava vrijeme su\u0161enja automobila nakon pranja. Mo\u017ee se primijeniti i na neisprani \u0161ampon. Razbla\u017eiti proizvod 1: 100 \u010distom vodom. Nanesite na automobil izbjegavaju\u0107i prednje staklo.<\/p>\n","protected":false},"featured_media":115763,"comment_status":"open","ping_status":"closed","template":"","meta":{"_acf_changed":false,"inline_featured_image":false},"product_brand":[],"product_cat":[164],"product_tag":[],"class_list":{"0":"post-115762","1":"product","2":"type-product","3":"status-publish","4":"has-post-thumbnail","6":"product_cat-car-detailing","8":"first","9":"instock","10":"taxable","11":"shipping-taxable","12":"purchasable","13":"product-type-simple"},"acf":[],"custom_product_id":"7851","_links":{"self":[{"href":"https:\/\/autostil.ba\/maloprodaja\/wp-json\/wp\/v2\/product\/115762","targetHints":{"allow":["GET"]}}],"collection":[{"href":"https:\/\/autostil.ba\/maloprodaja\/wp-json\/wp\/v2\/product"}],"about":[{"href":"https:\/\/autostil.ba\/maloprodaja\/wp-json\/wp\/v2\/types\/product"}],"replies":[{"embeddable":true,"href":"https:\/\/autostil.ba\/maloprodaja\/wp-json\/wp\/v2\/comments?post=115762"}],"version-history":[{"count":1,"href":"https:\/\/autostil.ba\/maloprodaja\/wp-json\/wp\/v2\/product\/115762\/revisions"}],"predecessor-version":[{"id":115764,"href":"https:\/\/autostil.ba\/maloprodaja\/wp-json\/wp\/v2\/product\/115762\/revisions\/115764"}],"wp:featuredmedia":[{"embeddable":true,"href":"https:\/\/autostil.ba\/maloprodaja\/wp-json\/wp\/v2\/media\/115763"}],"wp:attachment":[{"href":"https:\/\/autostil.ba\/maloprodaja\/wp-json\/wp\/v2\/media?parent=115762"}],"wp:term":[{"taxonomy":"product_brand","embeddable":true,"href":"https:\/\/autostil.ba\/maloprodaja\/wp-json\/wp\/v2\/product_brand?post=115762"},{"taxonomy":"product_cat","embeddable":true,"href":"https:\/\/autostil.ba\/maloprodaja\/wp-json\/wp\/v2\/product_cat?post=115762"},{"taxonomy":"product_tag","embeddable":true,"href":"https:\/\/autostil.ba\/maloprodaja\/wp-json\/wp\/v2\/product_tag?post=115762"}],"curies":[{"name":"wp","href":"https:\/\/api.w.org\/{rel}","templated":true}]}}