{"id":115742,"date":"2024-07-18T08:12:33","date_gmt":"2024-07-18T06:12:33","guid":{"rendered":"https:\/\/autostil.ba\/maloprodaja\/?post_type=product&#038;p=115742"},"modified":"2026-04-08T11:43:30","modified_gmt":"2026-04-08T09:43:30","slug":"pjena-aktivna-neutral-5l","status":"publish","type":"product","link":"https:\/\/autostil.ba\/maloprodaja\/proizvod\/7534\/pjena-aktivna-neutral-5l\/","title":{"rendered":"PJENA AKTIVNA NEUTRAL 5L"},"content":{"rendered":"","protected":false},"excerpt":{"rendered":"<p>PJENA AKTIVNA NEUTRAL 5L Koncentrovana aktivna pjena s neutralnim pH za sigurno i efikasno pranje karoserija automobila. Zahvaljuju\u0107i savremenoj tehnologiji Neutral Active Foam siguran je za vozila prekrivena raznim vrstama voska, kvarca i kerami\u010dkih obloga. Proizvod ima ugodan miris i visoka svojstva pjenjenja. Lako se ispere. Proizvod se mo\u017ee primjenjivati u ru\u010dnim i automatskim autopraonicama.<\/p>\n","protected":false},"featured_media":115743,"comment_status":"open","ping_status":"closed","template":"","meta":{"_acf_changed":false,"inline_featured_image":false},"product_brand":[],"product_cat":[73],"product_tag":[],"class_list":{"0":"post-115742","1":"product","2":"type-product","3":"status-publish","4":"has-post-thumbnail","6":"product_cat-sredstva-za-pranje-i-odrzavanje","8":"first","9":"instock","10":"taxable","11":"shipping-taxable","12":"purchasable","13":"product-type-simple"},"acf":[],"custom_product_id":"7534","_links":{"self":[{"href":"https:\/\/autostil.ba\/maloprodaja\/wp-json\/wp\/v2\/product\/115742","targetHints":{"allow":["GET"]}}],"collection":[{"href":"https:\/\/autostil.ba\/maloprodaja\/wp-json\/wp\/v2\/product"}],"about":[{"href":"https:\/\/autostil.ba\/maloprodaja\/wp-json\/wp\/v2\/types\/product"}],"replies":[{"embeddable":true,"href":"https:\/\/autostil.ba\/maloprodaja\/wp-json\/wp\/v2\/comments?post=115742"}],"version-history":[{"count":1,"href":"https:\/\/autostil.ba\/maloprodaja\/wp-json\/wp\/v2\/product\/115742\/revisions"}],"predecessor-version":[{"id":115744,"href":"https:\/\/autostil.ba\/maloprodaja\/wp-json\/wp\/v2\/product\/115742\/revisions\/115744"}],"wp:featuredmedia":[{"embeddable":true,"href":"https:\/\/autostil.ba\/maloprodaja\/wp-json\/wp\/v2\/media\/115743"}],"wp:attachment":[{"href":"https:\/\/autostil.ba\/maloprodaja\/wp-json\/wp\/v2\/media?parent=115742"}],"wp:term":[{"taxonomy":"product_brand","embeddable":true,"href":"https:\/\/autostil.ba\/maloprodaja\/wp-json\/wp\/v2\/product_brand?post=115742"},{"taxonomy":"product_cat","embeddable":true,"href":"https:\/\/autostil.ba\/maloprodaja\/wp-json\/wp\/v2\/product_cat?post=115742"},{"taxonomy":"product_tag","embeddable":true,"href":"https:\/\/autostil.ba\/maloprodaja\/wp-json\/wp\/v2\/product_tag?post=115742"}],"curies":[{"name":"wp","href":"https:\/\/api.w.org\/{rel}","templated":true}]}}