{"id":115702,"date":"2025-10-11T10:41:31","date_gmt":"2025-10-11T08:41:31","guid":{"rendered":"https:\/\/autostil.ba\/maloprodaja\/?post_type=product&#038;p=115702"},"modified":"2026-04-08T11:43:30","modified_gmt":"2026-04-08T09:43:30","slug":"nosac-mobitela-smart-fit-virage","status":"publish","type":"product","link":"https:\/\/autostil.ba\/maloprodaja\/proizvod\/13211\/nosac-mobitela-smart-fit-virage\/","title":{"rendered":"NOSA\u010c MOBITELA SMART FIT VIRAGE"},"content":{"rendered":"","protected":false},"excerpt":{"rendered":"<p>Pogodno za ure\u0111aje sa maks. dijagonala 6 in\u010da. Smart Fit sistem omogu\u0107ava brzo pri\u010dvr\u0161\u0107ivanje telefona samo jednim klikom. Za postavljanje kako na vjetrobransko staklo tako i na instrument tabli. Neklizaju\u0107a unutra\u0161nja povr\u0161ina \u0161titi telefon od pomjeranja.<\/p>\n","protected":false},"featured_media":793045041,"comment_status":"open","ping_status":"closed","template":"","meta":{"_acf_changed":false,"inline_featured_image":false},"product_brand":[],"product_cat":[105],"product_tag":[],"class_list":{"0":"post-115702","1":"product","2":"type-product","3":"status-publish","4":"has-post-thumbnail","6":"product_cat-nosaci-mobitela-tableta-navigacije","8":"first","9":"instock","10":"taxable","11":"shipping-taxable","12":"purchasable","13":"product-type-simple"},"acf":[],"custom_product_id":"13211","_links":{"self":[{"href":"https:\/\/autostil.ba\/maloprodaja\/wp-json\/wp\/v2\/product\/115702","targetHints":{"allow":["GET"]}}],"collection":[{"href":"https:\/\/autostil.ba\/maloprodaja\/wp-json\/wp\/v2\/product"}],"about":[{"href":"https:\/\/autostil.ba\/maloprodaja\/wp-json\/wp\/v2\/types\/product"}],"replies":[{"embeddable":true,"href":"https:\/\/autostil.ba\/maloprodaja\/wp-json\/wp\/v2\/comments?post=115702"}],"version-history":[{"count":1,"href":"https:\/\/autostil.ba\/maloprodaja\/wp-json\/wp\/v2\/product\/115702\/revisions"}],"predecessor-version":[{"id":115704,"href":"https:\/\/autostil.ba\/maloprodaja\/wp-json\/wp\/v2\/product\/115702\/revisions\/115704"}],"wp:featuredmedia":[{"embeddable":true,"href":"https:\/\/autostil.ba\/maloprodaja\/wp-json\/wp\/v2\/media\/793045041"}],"wp:attachment":[{"href":"https:\/\/autostil.ba\/maloprodaja\/wp-json\/wp\/v2\/media?parent=115702"}],"wp:term":[{"taxonomy":"product_brand","embeddable":true,"href":"https:\/\/autostil.ba\/maloprodaja\/wp-json\/wp\/v2\/product_brand?post=115702"},{"taxonomy":"product_cat","embeddable":true,"href":"https:\/\/autostil.ba\/maloprodaja\/wp-json\/wp\/v2\/product_cat?post=115702"},{"taxonomy":"product_tag","embeddable":true,"href":"https:\/\/autostil.ba\/maloprodaja\/wp-json\/wp\/v2\/product_tag?post=115702"}],"curies":[{"name":"wp","href":"https:\/\/api.w.org\/{rel}","templated":true}]}}