{"id":115682,"date":"2024-07-18T08:12:30","date_gmt":"2024-07-18T06:12:30","guid":{"rendered":"https:\/\/autostil.ba\/maloprodaja\/?post_type=product&#038;p=115682"},"modified":"2026-04-08T11:43:24","modified_gmt":"2026-04-08T09:43:24","slug":"punjac-akumulatora-6-12v-4a-virage","status":"publish","type":"product","link":"https:\/\/autostil.ba\/maloprodaja\/proizvod\/7167\/punjac-akumulatora-6-12v-4a-virage\/","title":{"rendered":"PUNJA\u010c AKUMULATORA 6 12V 4A VIRAGE"},"content":{"rendered":"","protected":false},"excerpt":{"rendered":"<p>PUNJA\u010c AKUMULATORA 6 12V 4A VIRAGE Punja\u010d akumulatora,jednostavan za upotrebu.Ima indikator nivoa baterije.<\/p>\n","protected":false},"featured_media":115683,"comment_status":"open","ping_status":"closed","template":"","meta":{"_acf_changed":false,"inline_featured_image":false},"product_brand":[],"product_cat":[139],"product_tag":[],"class_list":{"0":"post-115682","1":"product","2":"type-product","3":"status-publish","4":"has-post-thumbnail","6":"product_cat-punjaci-akumulatora","8":"first","9":"instock","10":"taxable","11":"shipping-taxable","12":"purchasable","13":"product-type-simple"},"acf":[],"custom_product_id":"7167","_links":{"self":[{"href":"https:\/\/autostil.ba\/maloprodaja\/wp-json\/wp\/v2\/product\/115682","targetHints":{"allow":["GET"]}}],"collection":[{"href":"https:\/\/autostil.ba\/maloprodaja\/wp-json\/wp\/v2\/product"}],"about":[{"href":"https:\/\/autostil.ba\/maloprodaja\/wp-json\/wp\/v2\/types\/product"}],"replies":[{"embeddable":true,"href":"https:\/\/autostil.ba\/maloprodaja\/wp-json\/wp\/v2\/comments?post=115682"}],"version-history":[{"count":1,"href":"https:\/\/autostil.ba\/maloprodaja\/wp-json\/wp\/v2\/product\/115682\/revisions"}],"predecessor-version":[{"id":115684,"href":"https:\/\/autostil.ba\/maloprodaja\/wp-json\/wp\/v2\/product\/115682\/revisions\/115684"}],"wp:featuredmedia":[{"embeddable":true,"href":"https:\/\/autostil.ba\/maloprodaja\/wp-json\/wp\/v2\/media\/115683"}],"wp:attachment":[{"href":"https:\/\/autostil.ba\/maloprodaja\/wp-json\/wp\/v2\/media?parent=115682"}],"wp:term":[{"taxonomy":"product_brand","embeddable":true,"href":"https:\/\/autostil.ba\/maloprodaja\/wp-json\/wp\/v2\/product_brand?post=115682"},{"taxonomy":"product_cat","embeddable":true,"href":"https:\/\/autostil.ba\/maloprodaja\/wp-json\/wp\/v2\/product_cat?post=115682"},{"taxonomy":"product_tag","embeddable":true,"href":"https:\/\/autostil.ba\/maloprodaja\/wp-json\/wp\/v2\/product_tag?post=115682"}],"curies":[{"name":"wp","href":"https:\/\/api.w.org\/{rel}","templated":true}]}}