{"id":115642,"date":"2024-07-18T08:12:28","date_gmt":"2024-07-18T06:12:28","guid":{"rendered":"https:\/\/autostil.ba\/maloprodaja\/?post_type=product&#038;p=115642"},"modified":"2026-04-08T11:43:24","modified_gmt":"2026-04-08T09:43:24","slug":"hladni-sprej-za-izvrtanje-injektora-400ml","status":"publish","type":"product","link":"https:\/\/autostil.ba\/maloprodaja\/proizvod\/11194\/hladni-sprej-za-izvrtanje-injektora-400ml\/","title":{"rendered":"HLADNI SPREJ ZA IZVRTANJE INJEKTORA 400ml"},"content":{"rendered":"","protected":false},"excerpt":{"rendered":"<p>Proizvod koji podr\u017eava demonta\u017eu injektora, \u017earnica i drugih blokiranih elemenata, baziran na specijalnoj formulaciji koja savr\u0161eno prodire u vrlo zategnute spojeve i istovremeno brzo, kratko hladi povr\u0161inu. Kao rezultat brzog sni\u017eenja temperature, dobijamo povr\u0161inski efekat &#8220;erozije&#8221;, koji uvelike olak\u0161ava uklanjanje npr. r\u0111e\/korozije i drugih tvrdih ne\u010disto\u0107a, olak\u0161avaju\u0107i preparatu da do\u0111e do za\u010depljenog spoja.<\/p>\n","protected":false},"featured_media":115643,"comment_status":"open","ping_status":"closed","template":"","meta":{"_acf_changed":false,"inline_featured_image":false},"product_brand":[],"product_cat":[70],"product_tag":[],"class_list":{"0":"post-115642","1":"product","2":"type-product","3":"status-publish","4":"has-post-thumbnail","6":"product_cat-hemijska-sredstva-za-auto-servise","8":"first","9":"instock","10":"taxable","11":"shipping-taxable","12":"purchasable","13":"product-type-simple"},"acf":[],"custom_product_id":"11194","_links":{"self":[{"href":"https:\/\/autostil.ba\/maloprodaja\/wp-json\/wp\/v2\/product\/115642","targetHints":{"allow":["GET"]}}],"collection":[{"href":"https:\/\/autostil.ba\/maloprodaja\/wp-json\/wp\/v2\/product"}],"about":[{"href":"https:\/\/autostil.ba\/maloprodaja\/wp-json\/wp\/v2\/types\/product"}],"replies":[{"embeddable":true,"href":"https:\/\/autostil.ba\/maloprodaja\/wp-json\/wp\/v2\/comments?post=115642"}],"version-history":[{"count":1,"href":"https:\/\/autostil.ba\/maloprodaja\/wp-json\/wp\/v2\/product\/115642\/revisions"}],"predecessor-version":[{"id":115644,"href":"https:\/\/autostil.ba\/maloprodaja\/wp-json\/wp\/v2\/product\/115642\/revisions\/115644"}],"wp:featuredmedia":[{"embeddable":true,"href":"https:\/\/autostil.ba\/maloprodaja\/wp-json\/wp\/v2\/media\/115643"}],"wp:attachment":[{"href":"https:\/\/autostil.ba\/maloprodaja\/wp-json\/wp\/v2\/media?parent=115642"}],"wp:term":[{"taxonomy":"product_brand","embeddable":true,"href":"https:\/\/autostil.ba\/maloprodaja\/wp-json\/wp\/v2\/product_brand?post=115642"},{"taxonomy":"product_cat","embeddable":true,"href":"https:\/\/autostil.ba\/maloprodaja\/wp-json\/wp\/v2\/product_cat?post=115642"},{"taxonomy":"product_tag","embeddable":true,"href":"https:\/\/autostil.ba\/maloprodaja\/wp-json\/wp\/v2\/product_tag?post=115642"}],"curies":[{"name":"wp","href":"https:\/\/api.w.org\/{rel}","templated":true}]}}