{"id":115602,"date":"2025-02-26T15:05:26","date_gmt":"2025-02-26T13:05:26","guid":{"rendered":"https:\/\/autostil.ba\/maloprodaja\/?post_type=product&#038;p=115602"},"modified":"2026-04-08T11:43:24","modified_gmt":"2026-04-08T09:43:24","slug":"miris-za-auto-u-spreju-500ml-vanilia","status":"publish","type":"product","link":"https:\/\/autostil.ba\/maloprodaja\/proizvod\/10036\/miris-za-auto-u-spreju-500ml-vanilia\/","title":{"rendered":"MIRIS ZA AUTO U SPREJU 500ml VANILIA"},"content":{"rendered":"","protected":false},"excerpt":{"rendered":"<p>MIRIS ZA AUTO U SPREJU 500ml VANILIA Sna\u017eno koncentrisan osvje\u017eiva\u010d zraka s vrlo intenzivnim i dugotrajnim mirisom vanilije. Njegov posebno odabran sastav neutralizuje neugodne mirise i smanjuje njihovo talo\u017eenje u automobilu. Njegov jedinstveni miris traje du\u017ee nego u slu\u010daju tradicionalnih osvje\u017eiva\u010da zraka.<\/p>\n","protected":false},"featured_media":115603,"comment_status":"open","ping_status":"closed","template":"","meta":{"_acf_changed":false,"inline_featured_image":false},"product_brand":[],"product_cat":[78],"product_tag":[],"class_list":{"0":"post-115602","1":"product","2":"type-product","3":"status-publish","4":"has-post-thumbnail","6":"product_cat-mirisi-za-auto","8":"first","9":"instock","10":"taxable","11":"shipping-taxable","12":"purchasable","13":"product-type-simple"},"acf":[],"custom_product_id":"10036","_links":{"self":[{"href":"https:\/\/autostil.ba\/maloprodaja\/wp-json\/wp\/v2\/product\/115602","targetHints":{"allow":["GET"]}}],"collection":[{"href":"https:\/\/autostil.ba\/maloprodaja\/wp-json\/wp\/v2\/product"}],"about":[{"href":"https:\/\/autostil.ba\/maloprodaja\/wp-json\/wp\/v2\/types\/product"}],"replies":[{"embeddable":true,"href":"https:\/\/autostil.ba\/maloprodaja\/wp-json\/wp\/v2\/comments?post=115602"}],"version-history":[{"count":1,"href":"https:\/\/autostil.ba\/maloprodaja\/wp-json\/wp\/v2\/product\/115602\/revisions"}],"predecessor-version":[{"id":115604,"href":"https:\/\/autostil.ba\/maloprodaja\/wp-json\/wp\/v2\/product\/115602\/revisions\/115604"}],"wp:featuredmedia":[{"embeddable":true,"href":"https:\/\/autostil.ba\/maloprodaja\/wp-json\/wp\/v2\/media\/115603"}],"wp:attachment":[{"href":"https:\/\/autostil.ba\/maloprodaja\/wp-json\/wp\/v2\/media?parent=115602"}],"wp:term":[{"taxonomy":"product_brand","embeddable":true,"href":"https:\/\/autostil.ba\/maloprodaja\/wp-json\/wp\/v2\/product_brand?post=115602"},{"taxonomy":"product_cat","embeddable":true,"href":"https:\/\/autostil.ba\/maloprodaja\/wp-json\/wp\/v2\/product_cat?post=115602"},{"taxonomy":"product_tag","embeddable":true,"href":"https:\/\/autostil.ba\/maloprodaja\/wp-json\/wp\/v2\/product_tag?post=115602"}],"curies":[{"name":"wp","href":"https:\/\/api.w.org\/{rel}","templated":true}]}}