{"id":115582,"date":"2025-10-11T10:27:25","date_gmt":"2025-10-11T08:27:25","guid":{"rendered":"https:\/\/autostil.ba\/maloprodaja\/?post_type=product&#038;p=115582"},"modified":"2026-04-08T11:43:18","modified_gmt":"2026-04-08T09:43:18","slug":"apc-detailing-visenamjensko-sredstvo-za-ciscenje-1l","status":"publish","type":"product","link":"https:\/\/autostil.ba\/maloprodaja\/proizvod\/11001\/apc-detailing-visenamjensko-sredstvo-za-ciscenje-1l\/","title":{"rendered":"APC DETAILING VI\u0160ENAMJENSKO SREDSTVO ZA \u010cI\u0160\u0106ENJE 1L"},"content":{"rendered":"","protected":false},"excerpt":{"rendered":"<p>Univerzalni koncentrat namijenjen savr\u0161enom \u010di\u0161\u0107enju bilo koje perive povr\u0161ine automobila. Proizvod je siguran za o\u010di\u0161\u0107ene povr\u0161ine, isti\u010de njihovu prirodnu boju, ostavlja svje\u017e miris.<\/p>\n","protected":false},"featured_media":115583,"comment_status":"open","ping_status":"closed","template":"","meta":{"_acf_changed":false,"inline_featured_image":false},"product_brand":[],"product_cat":[164],"product_tag":[],"class_list":{"0":"post-115582","1":"product","2":"type-product","3":"status-publish","4":"has-post-thumbnail","6":"product_cat-car-detailing","8":"first","9":"instock","10":"taxable","11":"shipping-taxable","12":"purchasable","13":"product-type-simple"},"acf":[],"custom_product_id":"11001","_links":{"self":[{"href":"https:\/\/autostil.ba\/maloprodaja\/wp-json\/wp\/v2\/product\/115582","targetHints":{"allow":["GET"]}}],"collection":[{"href":"https:\/\/autostil.ba\/maloprodaja\/wp-json\/wp\/v2\/product"}],"about":[{"href":"https:\/\/autostil.ba\/maloprodaja\/wp-json\/wp\/v2\/types\/product"}],"replies":[{"embeddable":true,"href":"https:\/\/autostil.ba\/maloprodaja\/wp-json\/wp\/v2\/comments?post=115582"}],"version-history":[{"count":1,"href":"https:\/\/autostil.ba\/maloprodaja\/wp-json\/wp\/v2\/product\/115582\/revisions"}],"predecessor-version":[{"id":115584,"href":"https:\/\/autostil.ba\/maloprodaja\/wp-json\/wp\/v2\/product\/115582\/revisions\/115584"}],"wp:featuredmedia":[{"embeddable":true,"href":"https:\/\/autostil.ba\/maloprodaja\/wp-json\/wp\/v2\/media\/115583"}],"wp:attachment":[{"href":"https:\/\/autostil.ba\/maloprodaja\/wp-json\/wp\/v2\/media?parent=115582"}],"wp:term":[{"taxonomy":"product_brand","embeddable":true,"href":"https:\/\/autostil.ba\/maloprodaja\/wp-json\/wp\/v2\/product_brand?post=115582"},{"taxonomy":"product_cat","embeddable":true,"href":"https:\/\/autostil.ba\/maloprodaja\/wp-json\/wp\/v2\/product_cat?post=115582"},{"taxonomy":"product_tag","embeddable":true,"href":"https:\/\/autostil.ba\/maloprodaja\/wp-json\/wp\/v2\/product_tag?post=115582"}],"curies":[{"name":"wp","href":"https:\/\/api.w.org\/{rel}","templated":true}]}}