{"id":115562,"date":"2025-07-22T08:48:24","date_gmt":"2025-07-22T06:48:24","guid":{"rendered":"https:\/\/autostil.ba\/maloprodaja\/?post_type=product&#038;p=115562"},"modified":"2026-04-08T11:43:18","modified_gmt":"2026-04-08T09:43:18","slug":"aktivna-pjena-neutralna-detailing-1l","status":"publish","type":"product","link":"https:\/\/autostil.ba\/maloprodaja\/proizvod\/11003\/aktivna-pjena-neutralna-detailing-1l\/","title":{"rendered":"AKTIVNA PJENA NEUTRALNA DETAILING 1L"},"content":{"rendered":"","protected":false},"excerpt":{"rendered":"<p>Aktivna pena neutralnog pH za bezbedno i efikasno pranje karoserije automobila, ostavljaju\u0107i efekat poput snega. Zahvaljuju\u0107i savremenoj tehnologiji, pjena je sigurna za sve vrste voskova, kerami\u010dkih i kvarcnih premaza.<\/p>\n","protected":false},"featured_media":115563,"comment_status":"open","ping_status":"closed","template":"","meta":{"_acf_changed":false,"inline_featured_image":false},"product_brand":[],"product_cat":[164],"product_tag":[],"class_list":{"0":"post-115562","1":"product","2":"type-product","3":"status-publish","4":"has-post-thumbnail","6":"product_cat-car-detailing","8":"first","9":"instock","10":"taxable","11":"shipping-taxable","12":"purchasable","13":"product-type-simple"},"acf":[],"custom_product_id":"11003","_links":{"self":[{"href":"https:\/\/autostil.ba\/maloprodaja\/wp-json\/wp\/v2\/product\/115562","targetHints":{"allow":["GET"]}}],"collection":[{"href":"https:\/\/autostil.ba\/maloprodaja\/wp-json\/wp\/v2\/product"}],"about":[{"href":"https:\/\/autostil.ba\/maloprodaja\/wp-json\/wp\/v2\/types\/product"}],"replies":[{"embeddable":true,"href":"https:\/\/autostil.ba\/maloprodaja\/wp-json\/wp\/v2\/comments?post=115562"}],"version-history":[{"count":1,"href":"https:\/\/autostil.ba\/maloprodaja\/wp-json\/wp\/v2\/product\/115562\/revisions"}],"predecessor-version":[{"id":115564,"href":"https:\/\/autostil.ba\/maloprodaja\/wp-json\/wp\/v2\/product\/115562\/revisions\/115564"}],"wp:featuredmedia":[{"embeddable":true,"href":"https:\/\/autostil.ba\/maloprodaja\/wp-json\/wp\/v2\/media\/115563"}],"wp:attachment":[{"href":"https:\/\/autostil.ba\/maloprodaja\/wp-json\/wp\/v2\/media?parent=115562"}],"wp:term":[{"taxonomy":"product_brand","embeddable":true,"href":"https:\/\/autostil.ba\/maloprodaja\/wp-json\/wp\/v2\/product_brand?post=115562"},{"taxonomy":"product_cat","embeddable":true,"href":"https:\/\/autostil.ba\/maloprodaja\/wp-json\/wp\/v2\/product_cat?post=115562"},{"taxonomy":"product_tag","embeddable":true,"href":"https:\/\/autostil.ba\/maloprodaja\/wp-json\/wp\/v2\/product_tag?post=115562"}],"curies":[{"name":"wp","href":"https:\/\/api.w.org\/{rel}","templated":true}]}}