{"id":115532,"date":"2025-10-11T10:48:22","date_gmt":"2025-10-11T08:48:22","guid":{"rendered":"https:\/\/autostil.ba\/maloprodaja\/?post_type=product&#038;p=115532"},"modified":"2026-04-28T21:58:22","modified_gmt":"2026-04-28T19:58:22","slug":"sredstvo-za-ciscenje-i-regeneraciju-koze-detailing-500ml","status":"publish","type":"product","link":"https:\/\/autostil.ba\/maloprodaja\/proizvod\/11006\/sredstvo-za-ciscenje-i-regeneraciju-koze-detailing-500ml\/","title":{"rendered":"SREDSTVO ZA \u010cI\u0160\u0106ENJE I REGENERACIJU KO\u017dE DETAILING 500ml"},"content":{"rendered":"","protected":false},"excerpt":{"rendered":"<p>Proizvod je namijenjen za \u010di\u0161\u0107enje i odr\u017eavanje ko\u017enih presvlaka. Neutralan pH siguran za o\u010di\u0161\u0107enu povr\u0161inu. Sadr\u017ei prirodno eteri\u010dno ulje avokada koje ko\u017eu \u010dini mekom i elasti\u010dnom. Vra\u0107a prirodnu boju ko\u017ee.<\/p>\n","protected":false},"featured_media":115533,"comment_status":"open","ping_status":"closed","template":"","meta":{"_acf_changed":false,"inline_featured_image":false},"product_brand":[],"product_cat":[164],"product_tag":[],"class_list":{"0":"post-115532","1":"product","2":"type-product","3":"status-publish","4":"has-post-thumbnail","6":"product_cat-car-detailing","8":"first","9":"instock","10":"taxable","11":"shipping-taxable","12":"purchasable","13":"product-type-simple"},"acf":[],"custom_product_id":"11006","_links":{"self":[{"href":"https:\/\/autostil.ba\/maloprodaja\/wp-json\/wp\/v2\/product\/115532","targetHints":{"allow":["GET"]}}],"collection":[{"href":"https:\/\/autostil.ba\/maloprodaja\/wp-json\/wp\/v2\/product"}],"about":[{"href":"https:\/\/autostil.ba\/maloprodaja\/wp-json\/wp\/v2\/types\/product"}],"replies":[{"embeddable":true,"href":"https:\/\/autostil.ba\/maloprodaja\/wp-json\/wp\/v2\/comments?post=115532"}],"version-history":[{"count":1,"href":"https:\/\/autostil.ba\/maloprodaja\/wp-json\/wp\/v2\/product\/115532\/revisions"}],"predecessor-version":[{"id":115534,"href":"https:\/\/autostil.ba\/maloprodaja\/wp-json\/wp\/v2\/product\/115532\/revisions\/115534"}],"wp:featuredmedia":[{"embeddable":true,"href":"https:\/\/autostil.ba\/maloprodaja\/wp-json\/wp\/v2\/media\/115533"}],"wp:attachment":[{"href":"https:\/\/autostil.ba\/maloprodaja\/wp-json\/wp\/v2\/media?parent=115532"}],"wp:term":[{"taxonomy":"product_brand","embeddable":true,"href":"https:\/\/autostil.ba\/maloprodaja\/wp-json\/wp\/v2\/product_brand?post=115532"},{"taxonomy":"product_cat","embeddable":true,"href":"https:\/\/autostil.ba\/maloprodaja\/wp-json\/wp\/v2\/product_cat?post=115532"},{"taxonomy":"product_tag","embeddable":true,"href":"https:\/\/autostil.ba\/maloprodaja\/wp-json\/wp\/v2\/product_tag?post=115532"}],"curies":[{"name":"wp","href":"https:\/\/api.w.org\/{rel}","templated":true}]}}