{"id":115522,"date":"2025-07-22T09:15:22","date_gmt":"2025-07-22T07:15:22","guid":{"rendered":"https:\/\/autostil.ba\/maloprodaja\/?post_type=product&#038;p=115522"},"modified":"2026-04-08T11:43:18","modified_gmt":"2026-04-08T09:43:18","slug":"miris-za-auto-500ml-limun-menta","status":"publish","type":"product","link":"https:\/\/autostil.ba\/maloprodaja\/proizvod\/10035\/miris-za-auto-500ml-limun-menta\/","title":{"rendered":"MIRIS ZA AUTO 500ml LIMUN MENTA"},"content":{"rendered":"","protected":false},"excerpt":{"rendered":"<p>MIRIS ZA AUTO 500ml LIMUN MENTA Sna\u017eno koncentrisani osvje\u017eiva\u010d zraka s vrlo intenzivnim i dugotrajnim mirisom limuna i nane. Njegov posebno odabran sastav neutralizuje neugodne mirise i smanjuje njihovo talo\u017eenje u automobilu. Njegov jedinstveni miris traje du\u017ee nego u slu\u010daju tradicionalnih osvje\u017eiva\u010da zraka.<\/p>\n","protected":false},"featured_media":115523,"comment_status":"open","ping_status":"closed","template":"","meta":{"_acf_changed":false,"inline_featured_image":false},"product_brand":[],"product_cat":[78],"product_tag":[],"class_list":{"0":"post-115522","1":"product","2":"type-product","3":"status-publish","4":"has-post-thumbnail","6":"product_cat-mirisi-za-auto","8":"first","9":"instock","10":"taxable","11":"shipping-taxable","12":"purchasable","13":"product-type-simple"},"acf":[],"custom_product_id":"10035","_links":{"self":[{"href":"https:\/\/autostil.ba\/maloprodaja\/wp-json\/wp\/v2\/product\/115522","targetHints":{"allow":["GET"]}}],"collection":[{"href":"https:\/\/autostil.ba\/maloprodaja\/wp-json\/wp\/v2\/product"}],"about":[{"href":"https:\/\/autostil.ba\/maloprodaja\/wp-json\/wp\/v2\/types\/product"}],"replies":[{"embeddable":true,"href":"https:\/\/autostil.ba\/maloprodaja\/wp-json\/wp\/v2\/comments?post=115522"}],"version-history":[{"count":1,"href":"https:\/\/autostil.ba\/maloprodaja\/wp-json\/wp\/v2\/product\/115522\/revisions"}],"predecessor-version":[{"id":115524,"href":"https:\/\/autostil.ba\/maloprodaja\/wp-json\/wp\/v2\/product\/115522\/revisions\/115524"}],"wp:featuredmedia":[{"embeddable":true,"href":"https:\/\/autostil.ba\/maloprodaja\/wp-json\/wp\/v2\/media\/115523"}],"wp:attachment":[{"href":"https:\/\/autostil.ba\/maloprodaja\/wp-json\/wp\/v2\/media?parent=115522"}],"wp:term":[{"taxonomy":"product_brand","embeddable":true,"href":"https:\/\/autostil.ba\/maloprodaja\/wp-json\/wp\/v2\/product_brand?post=115522"},{"taxonomy":"product_cat","embeddable":true,"href":"https:\/\/autostil.ba\/maloprodaja\/wp-json\/wp\/v2\/product_cat?post=115522"},{"taxonomy":"product_tag","embeddable":true,"href":"https:\/\/autostil.ba\/maloprodaja\/wp-json\/wp\/v2\/product_tag?post=115522"}],"curies":[{"name":"wp","href":"https:\/\/api.w.org\/{rel}","templated":true}]}}