{"id":115512,"date":"2024-07-18T08:12:22","date_gmt":"2024-07-18T06:12:22","guid":{"rendered":"https:\/\/autostil.ba\/maloprodaja\/?post_type=product&#038;p=115512"},"modified":"2026-04-08T11:43:18","modified_gmt":"2026-04-08T09:43:18","slug":"kabal-za-telefon-mikro-usb","status":"publish","type":"product","link":"https:\/\/autostil.ba\/maloprodaja\/proizvod\/11554\/kabal-za-telefon-mikro-usb\/","title":{"rendered":"KABAL ZA TELEFON MIKRO &#8211; USB"},"content":{"rendered":"","protected":false},"excerpt":{"rendered":"<p>KABAL ZA TELEFON MIKRO &#8211; USB<br \/>\nMy Auto Virage Micro USB telefonski kabel je univerzalni proizvod koji vam omogu\u0107ava brzo punjenje telefona ili prijenos podataka. To je najpopularniji pratilac na\u0161ih telefona ili prijenosnih diskova. Po\u0161to nam je tehnologija omogu\u0107ila da prenesemo mogu\u0107nosti ra\u010dunara na prakti\u010dne pametne telefone, \u017eivot je postao lak\u0161i. Danas ne mo\u017eemo zamisliti dan bez napunjenog telefona pri ruci. Ove vrste kablova su osnovni asortiman koji tako\u0111e vredi imati u svom automobilu. Dodatni telefonski kabl \u0107e vam omogu\u0107iti brzo punjenje tokom putovanja. Tako\u0111er \u0107e dobro funkcionirati prilikom navigacije i na telefonu i na klasi\u010dnom GPS-u. Velika prednost proizvoda je njegova du\u017eina. Moj Auto Virage Micro USB telefonski kabl je duga\u010dak 120 cm. Dovoljno je da mo\u017eete slobodno povezati telefon i staviti ga u dr\u017ea\u010d.<\/p>\n","protected":false},"featured_media":115513,"comment_status":"open","ping_status":"closed","template":"","meta":{"_acf_changed":false,"inline_featured_image":false},"product_brand":[],"product_cat":[185],"product_tag":[],"class_list":{"0":"post-115512","1":"product","2":"type-product","3":"status-publish","4":"has-post-thumbnail","6":"product_cat-punjaci-za-telefone-i-ostala-oprema","8":"first","9":"instock","10":"taxable","11":"shipping-taxable","12":"purchasable","13":"product-type-simple"},"acf":[],"custom_product_id":"11554","_links":{"self":[{"href":"https:\/\/autostil.ba\/maloprodaja\/wp-json\/wp\/v2\/product\/115512","targetHints":{"allow":["GET"]}}],"collection":[{"href":"https:\/\/autostil.ba\/maloprodaja\/wp-json\/wp\/v2\/product"}],"about":[{"href":"https:\/\/autostil.ba\/maloprodaja\/wp-json\/wp\/v2\/types\/product"}],"replies":[{"embeddable":true,"href":"https:\/\/autostil.ba\/maloprodaja\/wp-json\/wp\/v2\/comments?post=115512"}],"version-history":[{"count":1,"href":"https:\/\/autostil.ba\/maloprodaja\/wp-json\/wp\/v2\/product\/115512\/revisions"}],"predecessor-version":[{"id":115514,"href":"https:\/\/autostil.ba\/maloprodaja\/wp-json\/wp\/v2\/product\/115512\/revisions\/115514"}],"wp:featuredmedia":[{"embeddable":true,"href":"https:\/\/autostil.ba\/maloprodaja\/wp-json\/wp\/v2\/media\/115513"}],"wp:attachment":[{"href":"https:\/\/autostil.ba\/maloprodaja\/wp-json\/wp\/v2\/media?parent=115512"}],"wp:term":[{"taxonomy":"product_brand","embeddable":true,"href":"https:\/\/autostil.ba\/maloprodaja\/wp-json\/wp\/v2\/product_brand?post=115512"},{"taxonomy":"product_cat","embeddable":true,"href":"https:\/\/autostil.ba\/maloprodaja\/wp-json\/wp\/v2\/product_cat?post=115512"},{"taxonomy":"product_tag","embeddable":true,"href":"https:\/\/autostil.ba\/maloprodaja\/wp-json\/wp\/v2\/product_tag?post=115512"}],"curies":[{"name":"wp","href":"https:\/\/api.w.org\/{rel}","templated":true}]}}