{"id":115452,"date":"2024-07-18T08:12:19","date_gmt":"2024-07-18T06:12:19","guid":{"rendered":"https:\/\/autostil.ba\/maloprodaja\/?post_type=product&#038;p=115452"},"modified":"2026-04-08T11:43:13","modified_gmt":"2026-04-08T09:43:13","slug":"rukavica-za-pranje-automobila","status":"publish","type":"product","link":"https:\/\/autostil.ba\/maloprodaja\/proizvod\/10216\/rukavica-za-pranje-automobila\/","title":{"rendered":"RUKAVICA ZA PRANJE AUTOMOBILA"},"content":{"rendered":"","protected":false},"excerpt":{"rendered":"<p>Rukavica je dizajnirana za pranje karoserije automobila. Savr\u0161eno se prilago\u0111ava povr\u0161ini, zahvaljuju\u0107i \u010demu \u0107ete o\u010distiti sve uglove i rupe. Napravljen od mekih vlakana, spre\u010dava stvaranje ogrebotina tokom \u010di\u0161\u0107enja pri \u010demu je onomogu\u0107eno da sklizne sa ruke.<\/p>\n","protected":false},"featured_media":115453,"comment_status":"open","ping_status":"closed","template":"","meta":{"_acf_changed":false,"inline_featured_image":false},"product_brand":[],"product_cat":[164],"product_tag":[],"class_list":{"0":"post-115452","1":"product","2":"type-product","3":"status-publish","4":"has-post-thumbnail","6":"product_cat-car-detailing","8":"first","9":"instock","10":"taxable","11":"shipping-taxable","12":"purchasable","13":"product-type-simple"},"acf":[],"custom_product_id":"10216","_links":{"self":[{"href":"https:\/\/autostil.ba\/maloprodaja\/wp-json\/wp\/v2\/product\/115452","targetHints":{"allow":["GET"]}}],"collection":[{"href":"https:\/\/autostil.ba\/maloprodaja\/wp-json\/wp\/v2\/product"}],"about":[{"href":"https:\/\/autostil.ba\/maloprodaja\/wp-json\/wp\/v2\/types\/product"}],"replies":[{"embeddable":true,"href":"https:\/\/autostil.ba\/maloprodaja\/wp-json\/wp\/v2\/comments?post=115452"}],"version-history":[{"count":1,"href":"https:\/\/autostil.ba\/maloprodaja\/wp-json\/wp\/v2\/product\/115452\/revisions"}],"predecessor-version":[{"id":115454,"href":"https:\/\/autostil.ba\/maloprodaja\/wp-json\/wp\/v2\/product\/115452\/revisions\/115454"}],"wp:featuredmedia":[{"embeddable":true,"href":"https:\/\/autostil.ba\/maloprodaja\/wp-json\/wp\/v2\/media\/115453"}],"wp:attachment":[{"href":"https:\/\/autostil.ba\/maloprodaja\/wp-json\/wp\/v2\/media?parent=115452"}],"wp:term":[{"taxonomy":"product_brand","embeddable":true,"href":"https:\/\/autostil.ba\/maloprodaja\/wp-json\/wp\/v2\/product_brand?post=115452"},{"taxonomy":"product_cat","embeddable":true,"href":"https:\/\/autostil.ba\/maloprodaja\/wp-json\/wp\/v2\/product_cat?post=115452"},{"taxonomy":"product_tag","embeddable":true,"href":"https:\/\/autostil.ba\/maloprodaja\/wp-json\/wp\/v2\/product_tag?post=115452"}],"curies":[{"name":"wp","href":"https:\/\/api.w.org\/{rel}","templated":true}]}}