{"id":115442,"date":"2024-12-03T09:22:18","date_gmt":"2024-12-03T07:22:18","guid":{"rendered":"https:\/\/autostil.ba\/maloprodaja\/?post_type=product&#038;p=115442"},"modified":"2026-04-08T11:43:13","modified_gmt":"2026-04-08T09:43:13","slug":"spuzva-meka-aplikator-za-vosak","status":"publish","type":"product","link":"https:\/\/autostil.ba\/maloprodaja\/proizvod\/10033\/spuzva-meka-aplikator-za-vosak\/","title":{"rendered":"SPU\u017dVA MEKA APLIKATOR ZA VOSAK"},"content":{"rendered":"","protected":false},"excerpt":{"rendered":"<p>SPU\u017dVA MEKA APLIKATOR ZA VOSAK Spu\u017eva dizajnirana za ravnomjerno nano\u0161enje voskova i proizvoda koji zahtijevaju precizno nano\u0161enje. Mo\u017ee se koristiti na obojenim, gumenim, plasti\u010dnim, vinilnim i ko\u017enim povr\u0161inama. Mekana struktura pjene ne grebe premaz.<\/p>\n","protected":false},"featured_media":115443,"comment_status":"open","ping_status":"closed","template":"","meta":{"_acf_changed":false,"inline_featured_image":false},"product_brand":[],"product_cat":[164],"product_tag":[],"class_list":{"0":"post-115442","1":"product","2":"type-product","3":"status-publish","4":"has-post-thumbnail","6":"product_cat-car-detailing","8":"first","9":"instock","10":"taxable","11":"shipping-taxable","12":"purchasable","13":"product-type-simple"},"acf":[],"custom_product_id":"10033","_links":{"self":[{"href":"https:\/\/autostil.ba\/maloprodaja\/wp-json\/wp\/v2\/product\/115442","targetHints":{"allow":["GET"]}}],"collection":[{"href":"https:\/\/autostil.ba\/maloprodaja\/wp-json\/wp\/v2\/product"}],"about":[{"href":"https:\/\/autostil.ba\/maloprodaja\/wp-json\/wp\/v2\/types\/product"}],"replies":[{"embeddable":true,"href":"https:\/\/autostil.ba\/maloprodaja\/wp-json\/wp\/v2\/comments?post=115442"}],"version-history":[{"count":1,"href":"https:\/\/autostil.ba\/maloprodaja\/wp-json\/wp\/v2\/product\/115442\/revisions"}],"predecessor-version":[{"id":115444,"href":"https:\/\/autostil.ba\/maloprodaja\/wp-json\/wp\/v2\/product\/115442\/revisions\/115444"}],"wp:featuredmedia":[{"embeddable":true,"href":"https:\/\/autostil.ba\/maloprodaja\/wp-json\/wp\/v2\/media\/115443"}],"wp:attachment":[{"href":"https:\/\/autostil.ba\/maloprodaja\/wp-json\/wp\/v2\/media?parent=115442"}],"wp:term":[{"taxonomy":"product_brand","embeddable":true,"href":"https:\/\/autostil.ba\/maloprodaja\/wp-json\/wp\/v2\/product_brand?post=115442"},{"taxonomy":"product_cat","embeddable":true,"href":"https:\/\/autostil.ba\/maloprodaja\/wp-json\/wp\/v2\/product_cat?post=115442"},{"taxonomy":"product_tag","embeddable":true,"href":"https:\/\/autostil.ba\/maloprodaja\/wp-json\/wp\/v2\/product_tag?post=115442"}],"curies":[{"name":"wp","href":"https:\/\/api.w.org\/{rel}","templated":true}]}}