{"id":115412,"date":"2024-07-18T08:12:17","date_gmt":"2024-07-18T06:12:17","guid":{"rendered":"https:\/\/autostil.ba\/maloprodaja\/?post_type=product&#038;p=115412"},"modified":"2026-04-08T11:43:13","modified_gmt":"2026-04-08T09:43:13","slug":"cetka-za-pranje-feluga-amtra","status":"publish","type":"product","link":"https:\/\/autostil.ba\/maloprodaja\/proizvod\/10038\/cetka-za-pranje-feluga-amtra\/","title":{"rendered":"\u010cETKA ZA PRANJE FELUGA AMTRA"},"content":{"rendered":"","protected":false},"excerpt":{"rendered":"<p>\u010cETKA ZA PRANJE FELUGA AMTRA \u010cetka je dizajnirana za sve vrste feluga. Mo\u017ee se slobodno saviti radi \u010di\u0161\u0107enja cijele povr\u0161ine naplatka. Njegova du\u017eina omogu\u0107ava dosezanje zadnjeg dijela naplatka. Delikatne, najlonske \u010dekinje otporne su na jaka sredstva za \u010di\u0161\u0107enje feluga i ne uzrokuju ogrebotine. \u010cetkica efikasno uklanja prljav\u0161tinu. Izdr\u017eljiva ru\u010dka s gumenim poklopcem za\u0161tititi \u0107e naplatak i va\u0161u ruku od ogrebotina.<\/p>\n","protected":false},"featured_media":115413,"comment_status":"open","ping_status":"closed","template":"","meta":{"_acf_changed":false,"inline_featured_image":false},"product_brand":[],"product_cat":[164],"product_tag":[],"class_list":{"0":"post-115412","1":"product","2":"type-product","3":"status-publish","4":"has-post-thumbnail","6":"product_cat-car-detailing","8":"first","9":"instock","10":"taxable","11":"shipping-taxable","12":"purchasable","13":"product-type-simple"},"acf":[],"custom_product_id":"10038","_links":{"self":[{"href":"https:\/\/autostil.ba\/maloprodaja\/wp-json\/wp\/v2\/product\/115412","targetHints":{"allow":["GET"]}}],"collection":[{"href":"https:\/\/autostil.ba\/maloprodaja\/wp-json\/wp\/v2\/product"}],"about":[{"href":"https:\/\/autostil.ba\/maloprodaja\/wp-json\/wp\/v2\/types\/product"}],"replies":[{"embeddable":true,"href":"https:\/\/autostil.ba\/maloprodaja\/wp-json\/wp\/v2\/comments?post=115412"}],"version-history":[{"count":1,"href":"https:\/\/autostil.ba\/maloprodaja\/wp-json\/wp\/v2\/product\/115412\/revisions"}],"predecessor-version":[{"id":115414,"href":"https:\/\/autostil.ba\/maloprodaja\/wp-json\/wp\/v2\/product\/115412\/revisions\/115414"}],"wp:featuredmedia":[{"embeddable":true,"href":"https:\/\/autostil.ba\/maloprodaja\/wp-json\/wp\/v2\/media\/115413"}],"wp:attachment":[{"href":"https:\/\/autostil.ba\/maloprodaja\/wp-json\/wp\/v2\/media?parent=115412"}],"wp:term":[{"taxonomy":"product_brand","embeddable":true,"href":"https:\/\/autostil.ba\/maloprodaja\/wp-json\/wp\/v2\/product_brand?post=115412"},{"taxonomy":"product_cat","embeddable":true,"href":"https:\/\/autostil.ba\/maloprodaja\/wp-json\/wp\/v2\/product_cat?post=115412"},{"taxonomy":"product_tag","embeddable":true,"href":"https:\/\/autostil.ba\/maloprodaja\/wp-json\/wp\/v2\/product_tag?post=115412"}],"curies":[{"name":"wp","href":"https:\/\/api.w.org\/{rel}","templated":true}]}}