{"id":115392,"date":"2024-12-03T09:21:16","date_gmt":"2024-12-03T07:21:16","guid":{"rendered":"https:\/\/autostil.ba\/maloprodaja\/?post_type=product&#038;p=115392"},"modified":"2026-04-08T11:43:13","modified_gmt":"2026-04-08T09:43:13","slug":"spuzva-aplikator-za-gume-u-kutiji","status":"publish","type":"product","link":"https:\/\/autostil.ba\/maloprodaja\/proizvod\/11565\/spuzva-aplikator-za-gume-u-kutiji\/","title":{"rendered":"SPU\u017dVA APLIKATOR ZA GUME U KUTIJI"},"content":{"rendered":"","protected":false},"excerpt":{"rendered":"<p>Profesionalni aplikator za gume sa poklopcem. Aplikator se prilago\u0111ava povr\u0161ini gume, zahvaljuju\u0107i \u010demu lako i precizno nanosite preparat na gumu. Ergonomski poklopac \u0161titi va\u0161e ruke od prljanja.<\/p>\n","protected":false},"featured_media":793044843,"comment_status":"open","ping_status":"closed","template":"","meta":{"_acf_changed":false,"inline_featured_image":false},"product_brand":[],"product_cat":[164],"product_tag":[],"class_list":{"0":"post-115392","1":"product","2":"type-product","3":"status-publish","4":"has-post-thumbnail","6":"product_cat-car-detailing","8":"first","9":"instock","10":"taxable","11":"shipping-taxable","12":"purchasable","13":"product-type-simple"},"acf":[],"custom_product_id":"11565","_links":{"self":[{"href":"https:\/\/autostil.ba\/maloprodaja\/wp-json\/wp\/v2\/product\/115392","targetHints":{"allow":["GET"]}}],"collection":[{"href":"https:\/\/autostil.ba\/maloprodaja\/wp-json\/wp\/v2\/product"}],"about":[{"href":"https:\/\/autostil.ba\/maloprodaja\/wp-json\/wp\/v2\/types\/product"}],"replies":[{"embeddable":true,"href":"https:\/\/autostil.ba\/maloprodaja\/wp-json\/wp\/v2\/comments?post=115392"}],"version-history":[{"count":1,"href":"https:\/\/autostil.ba\/maloprodaja\/wp-json\/wp\/v2\/product\/115392\/revisions"}],"predecessor-version":[{"id":115394,"href":"https:\/\/autostil.ba\/maloprodaja\/wp-json\/wp\/v2\/product\/115392\/revisions\/115394"}],"wp:featuredmedia":[{"embeddable":true,"href":"https:\/\/autostil.ba\/maloprodaja\/wp-json\/wp\/v2\/media\/793044843"}],"wp:attachment":[{"href":"https:\/\/autostil.ba\/maloprodaja\/wp-json\/wp\/v2\/media?parent=115392"}],"wp:term":[{"taxonomy":"product_brand","embeddable":true,"href":"https:\/\/autostil.ba\/maloprodaja\/wp-json\/wp\/v2\/product_brand?post=115392"},{"taxonomy":"product_cat","embeddable":true,"href":"https:\/\/autostil.ba\/maloprodaja\/wp-json\/wp\/v2\/product_cat?post=115392"},{"taxonomy":"product_tag","embeddable":true,"href":"https:\/\/autostil.ba\/maloprodaja\/wp-json\/wp\/v2\/product_tag?post=115392"}],"curies":[{"name":"wp","href":"https:\/\/api.w.org\/{rel}","templated":true}]}}