{"id":115382,"date":"2025-02-26T14:58:16","date_gmt":"2025-02-26T12:58:16","guid":{"rendered":"https:\/\/autostil.ba\/maloprodaja\/?post_type=product&#038;p=115382"},"modified":"2026-04-08T11:43:12","modified_gmt":"2026-04-08T09:43:12","slug":"spuzva-za-ciscenje-sa-glinom","status":"publish","type":"product","link":"https:\/\/autostil.ba\/maloprodaja\/proizvod\/11567\/spuzva-za-ciscenje-sa-glinom\/","title":{"rendered":"SPU\u017dVA ZA \u010cI\u0160\u0106ENJE SA GLINOM"},"content":{"rendered":"","protected":false},"excerpt":{"rendered":"<p>Sun\u0111er sa slojem polimera koji zamjenjuje tradicionalnu glinu za \u010di\u0161\u0107enje laka. Uklanja ostatke insekata, smolu, katran, tragove ljepila ili asfalta i drugu tvrdokornu prljav\u0161tinu. Visokokvalitetni polimer ne o\u0161te\u0107uje lak. Lak\u0161a i br\u017ea za upotrebu u pore\u0111enju sa tradicionalnom glinom &#8211; uvek spremna za upotrebu. Ne zaboravite da glinenu povr\u0161inu uvijek odr\u017eavate mokrom tokom rada.<\/p>\n","protected":false},"featured_media":115383,"comment_status":"open","ping_status":"closed","template":"","meta":{"_acf_changed":false,"inline_featured_image":false},"product_brand":[],"product_cat":[164],"product_tag":[],"class_list":{"0":"post-115382","1":"product","2":"type-product","3":"status-publish","4":"has-post-thumbnail","6":"product_cat-car-detailing","8":"first","9":"instock","10":"taxable","11":"shipping-taxable","12":"purchasable","13":"product-type-simple"},"acf":[],"custom_product_id":"11567","_links":{"self":[{"href":"https:\/\/autostil.ba\/maloprodaja\/wp-json\/wp\/v2\/product\/115382","targetHints":{"allow":["GET"]}}],"collection":[{"href":"https:\/\/autostil.ba\/maloprodaja\/wp-json\/wp\/v2\/product"}],"about":[{"href":"https:\/\/autostil.ba\/maloprodaja\/wp-json\/wp\/v2\/types\/product"}],"replies":[{"embeddable":true,"href":"https:\/\/autostil.ba\/maloprodaja\/wp-json\/wp\/v2\/comments?post=115382"}],"version-history":[{"count":1,"href":"https:\/\/autostil.ba\/maloprodaja\/wp-json\/wp\/v2\/product\/115382\/revisions"}],"predecessor-version":[{"id":115384,"href":"https:\/\/autostil.ba\/maloprodaja\/wp-json\/wp\/v2\/product\/115382\/revisions\/115384"}],"wp:featuredmedia":[{"embeddable":true,"href":"https:\/\/autostil.ba\/maloprodaja\/wp-json\/wp\/v2\/media\/115383"}],"wp:attachment":[{"href":"https:\/\/autostil.ba\/maloprodaja\/wp-json\/wp\/v2\/media?parent=115382"}],"wp:term":[{"taxonomy":"product_brand","embeddable":true,"href":"https:\/\/autostil.ba\/maloprodaja\/wp-json\/wp\/v2\/product_brand?post=115382"},{"taxonomy":"product_cat","embeddable":true,"href":"https:\/\/autostil.ba\/maloprodaja\/wp-json\/wp\/v2\/product_cat?post=115382"},{"taxonomy":"product_tag","embeddable":true,"href":"https:\/\/autostil.ba\/maloprodaja\/wp-json\/wp\/v2\/product_tag?post=115382"}],"curies":[{"name":"wp","href":"https:\/\/api.w.org\/{rel}","templated":true}]}}