{"id":115372,"date":"2024-07-18T08:12:15","date_gmt":"2024-07-18T06:12:15","guid":{"rendered":"https:\/\/autostil.ba\/maloprodaja\/?post_type=product&#038;p=115372"},"modified":"2026-04-08T11:43:12","modified_gmt":"2026-04-08T09:43:12","slug":"rukavica-za-pranje-auta-ultra-meka","status":"publish","type":"product","link":"https:\/\/autostil.ba\/maloprodaja\/proizvod\/11557\/rukavica-za-pranje-auta-ultra-meka\/","title":{"rendered":"RUKAVICA ZA PRANJE AUTA ULTRA MEKA"},"content":{"rendered":"","protected":false},"excerpt":{"rendered":"<p>Najnje\u017enija rukavica za pranje automobila.  Udobno pranje zahvaljuju\u0107i velikoj povr\u0161ini rukavice. Odli\u010dno uklanja prljav\u0161tinu, mo\u017eete ga koristiti ne samo spolja, ve\u0107 i za \u010di\u0161\u0107enje iznutra.<\/p>\n","protected":false},"featured_media":115373,"comment_status":"open","ping_status":"closed","template":"","meta":{"_acf_changed":false,"inline_featured_image":false},"product_brand":[],"product_cat":[164],"product_tag":[],"class_list":{"0":"post-115372","1":"product","2":"type-product","3":"status-publish","4":"has-post-thumbnail","6":"product_cat-car-detailing","8":"first","9":"instock","10":"taxable","11":"shipping-taxable","12":"purchasable","13":"product-type-simple"},"acf":[],"custom_product_id":"11557","_links":{"self":[{"href":"https:\/\/autostil.ba\/maloprodaja\/wp-json\/wp\/v2\/product\/115372","targetHints":{"allow":["GET"]}}],"collection":[{"href":"https:\/\/autostil.ba\/maloprodaja\/wp-json\/wp\/v2\/product"}],"about":[{"href":"https:\/\/autostil.ba\/maloprodaja\/wp-json\/wp\/v2\/types\/product"}],"replies":[{"embeddable":true,"href":"https:\/\/autostil.ba\/maloprodaja\/wp-json\/wp\/v2\/comments?post=115372"}],"version-history":[{"count":1,"href":"https:\/\/autostil.ba\/maloprodaja\/wp-json\/wp\/v2\/product\/115372\/revisions"}],"predecessor-version":[{"id":115374,"href":"https:\/\/autostil.ba\/maloprodaja\/wp-json\/wp\/v2\/product\/115372\/revisions\/115374"}],"wp:featuredmedia":[{"embeddable":true,"href":"https:\/\/autostil.ba\/maloprodaja\/wp-json\/wp\/v2\/media\/115373"}],"wp:attachment":[{"href":"https:\/\/autostil.ba\/maloprodaja\/wp-json\/wp\/v2\/media?parent=115372"}],"wp:term":[{"taxonomy":"product_brand","embeddable":true,"href":"https:\/\/autostil.ba\/maloprodaja\/wp-json\/wp\/v2\/product_brand?post=115372"},{"taxonomy":"product_cat","embeddable":true,"href":"https:\/\/autostil.ba\/maloprodaja\/wp-json\/wp\/v2\/product_cat?post=115372"},{"taxonomy":"product_tag","embeddable":true,"href":"https:\/\/autostil.ba\/maloprodaja\/wp-json\/wp\/v2\/product_tag?post=115372"}],"curies":[{"name":"wp","href":"https:\/\/api.w.org\/{rel}","templated":true}]}}