{"id":115362,"date":"2025-02-26T15:20:15","date_gmt":"2025-02-26T13:20:15","guid":{"rendered":"https:\/\/autostil.ba\/maloprodaja\/?post_type=product&#038;p=115362"},"modified":"2026-04-08T11:43:07","modified_gmt":"2026-04-08T09:43:07","slug":"cetka-za-pranje-feluga-meka","status":"publish","type":"product","link":"https:\/\/autostil.ba\/maloprodaja\/proizvod\/11551\/cetka-za-pranje-feluga-meka\/","title":{"rendered":"\u010cETKA ZA PRANJE FELUGA MEKA"},"content":{"rendered":"","protected":false},"excerpt":{"rendered":"<p>\u010cETKA ZA PRANJE FELUGA MEKA<br \/>\nVisokokvalitetna \u010detka izra\u0111ena od vrlo mekog i gustog tkanja hemijski otpornih polipropilenskih vlakana. \u010cetka je dizajnirana uglavnom za \u010di\u0161\u0107enje svih vrsta naplataka automobila, ali \u0107e dobro raditi i pri \u010di\u0161\u0107enju unutra\u0161njosti, motornog prostora ili udubljenja u lukovima kota\u010da. \u010cetkica se mo\u017ee slobodno savijati kako bi dosegnula sve kutke i pukotine.<\/p>\n","protected":false},"featured_media":115363,"comment_status":"open","ping_status":"closed","template":"","meta":{"_acf_changed":false,"inline_featured_image":false},"product_brand":[],"product_cat":[164],"product_tag":[],"class_list":{"0":"post-115362","1":"product","2":"type-product","3":"status-publish","4":"has-post-thumbnail","6":"product_cat-car-detailing","8":"first","9":"instock","10":"taxable","11":"shipping-taxable","12":"purchasable","13":"product-type-simple"},"acf":[],"custom_product_id":"11551","_links":{"self":[{"href":"https:\/\/autostil.ba\/maloprodaja\/wp-json\/wp\/v2\/product\/115362","targetHints":{"allow":["GET"]}}],"collection":[{"href":"https:\/\/autostil.ba\/maloprodaja\/wp-json\/wp\/v2\/product"}],"about":[{"href":"https:\/\/autostil.ba\/maloprodaja\/wp-json\/wp\/v2\/types\/product"}],"replies":[{"embeddable":true,"href":"https:\/\/autostil.ba\/maloprodaja\/wp-json\/wp\/v2\/comments?post=115362"}],"version-history":[{"count":1,"href":"https:\/\/autostil.ba\/maloprodaja\/wp-json\/wp\/v2\/product\/115362\/revisions"}],"predecessor-version":[{"id":115364,"href":"https:\/\/autostil.ba\/maloprodaja\/wp-json\/wp\/v2\/product\/115362\/revisions\/115364"}],"wp:featuredmedia":[{"embeddable":true,"href":"https:\/\/autostil.ba\/maloprodaja\/wp-json\/wp\/v2\/media\/115363"}],"wp:attachment":[{"href":"https:\/\/autostil.ba\/maloprodaja\/wp-json\/wp\/v2\/media?parent=115362"}],"wp:term":[{"taxonomy":"product_brand","embeddable":true,"href":"https:\/\/autostil.ba\/maloprodaja\/wp-json\/wp\/v2\/product_brand?post=115362"},{"taxonomy":"product_cat","embeddable":true,"href":"https:\/\/autostil.ba\/maloprodaja\/wp-json\/wp\/v2\/product_cat?post=115362"},{"taxonomy":"product_tag","embeddable":true,"href":"https:\/\/autostil.ba\/maloprodaja\/wp-json\/wp\/v2\/product_tag?post=115362"}],"curies":[{"name":"wp","href":"https:\/\/api.w.org\/{rel}","templated":true}]}}