{"id":115342,"date":"2025-10-11T10:31:14","date_gmt":"2025-10-11T08:31:14","guid":{"rendered":"https:\/\/autostil.ba\/maloprodaja\/?post_type=product&#038;p=115342"},"modified":"2026-04-08T11:43:07","modified_gmt":"2026-04-08T09:43:07","slug":"kist-set-5-1-za-detailing","status":"publish","type":"product","link":"https:\/\/autostil.ba\/maloprodaja\/proizvod\/11555\/kist-set-5-1-za-detailing\/","title":{"rendered":"KIST SET 5\/1 ZA DETAILING"},"content":{"rendered":"","protected":false},"excerpt":{"rendered":"<p>Set od pet \u010detkica za detalje. Dizajniran za suho i mokro \u010di\u0161\u0107enje te\u0161ko dostupnih mjesta. Ergonomska ru\u010dka dobro le\u017ei u ruci. Visokokvalitetne \u010dekinje ne grebu povr\u0161inu. Plasti\u010dni poklopci \u0161tite od slu\u010dajnog grebanja. Pet veli\u010dina i du\u017eina za razli\u010dite poslove.<\/p>\n","protected":false},"featured_media":115343,"comment_status":"open","ping_status":"closed","template":"","meta":{"_acf_changed":false,"inline_featured_image":false},"product_brand":[],"product_cat":[164],"product_tag":[],"class_list":{"0":"post-115342","1":"product","2":"type-product","3":"status-publish","4":"has-post-thumbnail","6":"product_cat-car-detailing","8":"first","9":"instock","10":"taxable","11":"shipping-taxable","12":"purchasable","13":"product-type-simple"},"acf":[],"custom_product_id":"11555","_links":{"self":[{"href":"https:\/\/autostil.ba\/maloprodaja\/wp-json\/wp\/v2\/product\/115342","targetHints":{"allow":["GET"]}}],"collection":[{"href":"https:\/\/autostil.ba\/maloprodaja\/wp-json\/wp\/v2\/product"}],"about":[{"href":"https:\/\/autostil.ba\/maloprodaja\/wp-json\/wp\/v2\/types\/product"}],"replies":[{"embeddable":true,"href":"https:\/\/autostil.ba\/maloprodaja\/wp-json\/wp\/v2\/comments?post=115342"}],"version-history":[{"count":1,"href":"https:\/\/autostil.ba\/maloprodaja\/wp-json\/wp\/v2\/product\/115342\/revisions"}],"predecessor-version":[{"id":115344,"href":"https:\/\/autostil.ba\/maloprodaja\/wp-json\/wp\/v2\/product\/115342\/revisions\/115344"}],"wp:featuredmedia":[{"embeddable":true,"href":"https:\/\/autostil.ba\/maloprodaja\/wp-json\/wp\/v2\/media\/115343"}],"wp:attachment":[{"href":"https:\/\/autostil.ba\/maloprodaja\/wp-json\/wp\/v2\/media?parent=115342"}],"wp:term":[{"taxonomy":"product_brand","embeddable":true,"href":"https:\/\/autostil.ba\/maloprodaja\/wp-json\/wp\/v2\/product_brand?post=115342"},{"taxonomy":"product_cat","embeddable":true,"href":"https:\/\/autostil.ba\/maloprodaja\/wp-json\/wp\/v2\/product_cat?post=115342"},{"taxonomy":"product_tag","embeddable":true,"href":"https:\/\/autostil.ba\/maloprodaja\/wp-json\/wp\/v2\/product_tag?post=115342"}],"curies":[{"name":"wp","href":"https:\/\/api.w.org\/{rel}","templated":true}]}}